{"id":10856,"date":"2025-05-17T19:07:19","date_gmt":"2025-05-17T11:07:19","guid":{"rendered":"https:\/\/www.klkoleo.com\/?page_id=10856"},"modified":"2025-05-17T19:13:29","modified_gmt":"2025-05-17T11:13:29","slug":"klktensachem","status":"publish","type":"page","link":"https:\/\/www.klkoleo.com\/de\/klktensachem\/","title":{"rendered":"KLK Tensachem"},"content":{"rendered":"<section class=\"global-companies-section-1 nvp100\">\n<div class=\"container\">\n<div class=\"row nflex\">\n<div class=\"col-md-6 col-md-push-6 ncol ncol-1\">\n<div class=\"nbox contain-wrapper\">\n<p>KLK Tensachem \u2013 Ihr vertrauensvoller Partner f\u00fcr Tensidl\u00f6sungen<\/p>\n<p>KLK Tensachem mit Sitz in Ougr\u00e9e (L\u00fcttich), Belgien, ist ein f\u00fchrender, europ\u00e4ischer Hersteller leistungsstarker anionischer Tenside und beliefert zuverl\u00e4ssig eine Vielzahl globaler Branchen.<\/p>\n<p>Mit jahrzehntelanger Erfahrung und technischer Expertise bietet KLK Tensachem ein umfassendes Produktportfolio:<\/p>\n<p><a href=\"\/de\/brand\/tensagex-alcohol-ether-sulphates\/\" target=\"_blank\" rel=\"noopener\">TENSAGEX (Alkohol-Ethersulfate)<\/a><br \/>\n<a href=\"\/de\/brand\/tensaryl-linear-alkylbenzene-sulphonates-sulphonic-acids\/\" target=\"_blank\" rel=\"noopener\">TENSARYL (Lineare Alkylbenzolsulfonate und Sulfons\u00e4uren)<\/a><br \/>\n<a href=\"\/de\/brand\/tensomild-sulphosuccinates\/\" target=\"_blank\" rel=\"noopener\">TENSOMILD (Sulfosuccinate)<\/a><br \/>\n<a href=\"\/de\/brand\/tensopol-alcohol-sulphates\/\" target=\"_blank\" rel=\"noopener\">TENSOPOL (Alkoholsulfate)<\/a><\/p>\n<p>Diese Tenside sind in verschiedenen Formen erh\u00e4ltlich \u2013 fl\u00fcssig (konzentriert und verd\u00fcnnt), als Pulver oder Nadeln \u2013 und decken die vielf\u00e4ltigen Anforderungen unserer Kunden in Bereichen wie Haushaltspflege, industrielle und institutionelle Reinigung (I&amp;I), K\u00f6rperpflege, Gesundheitswesen, Agrochemie, Emulsionspolymerisation und Bauwesen ab.<\/p>\n<p>Angetrieben von Innovation, Nachhaltigkeit und Qualit\u00e4tsbewusstsein, setzt KLK Tensachem modernste Technologien ein, um Produkte wie SLES mit geringem 1,4-Dioxangehalt herzustellen. Unsere Produktionsprozesse sind durch international anerkannte Zertifizierungen wie RSPO SCC, ISCC PLUS und ISO 50001 abgesichert.<\/p>\n<p>Als Teil der KLK OLEO Gruppe hat KLK Tensachem umfangreiche Investitionen erhalten, um seine Kapazit\u00e4ten auszubauen und seine Position als bedeutender Hersteller anionischer Tenside in Europa zu st\u00e4rken. Die n\u00e4chste Wachstumsphase umfasst strategische Investitionen in die Produktion von Alpha-Olefinsulfonaten (AOS).<\/p>\n<p>Zus\u00e4tzlich zu unserem Kernportfolio bietet KLK Tensachem auch kundenspezifische Fertigung und Lohnherstellung an, individuell abgestimmt auf die Formulierungs- und Produktionsbed\u00fcrfnisse unserer Kunden.<\/p>\n<p>Vertrauen Sie auf KLK Tensachem \u2013 wo Fachwissen und Erfahrung auf Zuverl\u00e4ssigkeit trifft, um fortschrittliche Tensidl\u00f6sungen f\u00fcr die Anforderungen von morgen zu liefern.<\/p>\n<\/div>\n<\/div>\n<div class=\"col-md-6 col-md-pull-6 ncol ncol-1\">\n<div class=\"nbox img-wrapper\">\n<p><img fetchpriority=\"high\" decoding=\"async\" class=\"alignnone wp-image-10392 size-full\" src=\"https:\/\/www.klkoleo.com\/wp-content\/uploads\/2025\/04\/2025-03-20-KLK-Tensachem.jpg\" alt=\"KLK Tensachem\" width=\"4940\" height=\"3293\" \/><\/p>\n<p><strong>KLK Tensachem S.A.<\/strong><br \/>\nRue de Renory 28<br \/>\n4102 Seraing (Ougr\u00e9e)<br \/>\nBelgium<\/p>\n<p>Tel +32 4 338 93 89<br \/>\n<a href=\"mailto:info.tensachem@klkoleo.com\">info.tensachem@klkoleo.com<\/a><br \/>\nKarriere: <a href=\"mailto:jobs.be@klkoleo.com\">jobs.be@klkoleo.com<\/a><\/p>\n<\/div>\n<\/div>\n<\/div>\n<\/div>\n<\/section>\n","protected":false},"excerpt":{"rendered":"","protected":false},"author":2,"featured_media":10937,"parent":0,"menu_order":0,"comment_status":"closed","ping_status":"closed","template":"page-fullwidth.php","meta":{"footnotes":""},"class_list":["post-10856","page","type-page","status-publish","has-post-thumbnail","hentry"],"yoast_head":"<!-- This site is optimized with the Yoast SEO plugin v27.6 - https:\/\/yoast.com\/product\/yoast-seo-wordpress\/ -->\n<title>KLK Tensachem - KLK OLEO<\/title>\n<meta name=\"robots\" content=\"index, follow, max-snippet:-1, max-image-preview:large, max-video-preview:-1\" \/>\n<link rel=\"canonical\" href=\"https:\/\/www.klkoleo.com\/de\/klktensachem\/\" \/>\n<meta property=\"og:locale\" content=\"de_DE\" \/>\n<meta property=\"og:type\" content=\"article\" \/>\n<meta property=\"og:title\" content=\"KLK Tensachem - KLK OLEO\" \/>\n<meta property=\"og:url\" content=\"https:\/\/www.klkoleo.com\/de\/klktensachem\/\" \/>\n<meta property=\"og:site_name\" content=\"KLK OLEO\" \/>\n<meta property=\"article:modified_time\" content=\"2025-05-17T11:13:29+00:00\" \/>\n<meta property=\"og:image\" content=\"https:\/\/www.klkoleo.com\/wp-content\/uploads\/2020\/04\/banner01.jpg\" \/>\n\t<meta property=\"og:image:width\" content=\"1920\" \/>\n\t<meta property=\"og:image:height\" content=\"250\" \/>\n\t<meta property=\"og:image:type\" content=\"image\/jpeg\" \/>\n<meta name=\"twitter:card\" content=\"summary_large_image\" \/>\n<meta name=\"twitter:label1\" content=\"Gesch\u00e4tzte Lesezeit\" \/>\n\t<meta name=\"twitter:data1\" content=\"2\u00a0Minuten\" \/>\n<script type=\"application\/ld+json\" class=\"yoast-schema-graph\">{\"@context\":\"https:\\\/\\\/schema.org\",\"@graph\":[{\"@type\":\"WebPage\",\"@id\":\"https:\\\/\\\/www.klkoleo.com\\\/de\\\/klktensachem\\\/\",\"url\":\"https:\\\/\\\/www.klkoleo.com\\\/de\\\/klktensachem\\\/\",\"name\":\"KLK Tensachem - KLK OLEO\",\"isPartOf\":{\"@id\":\"https:\\\/\\\/www.klkoleo.com\\\/de\\\/#website\"},\"primaryImageOfPage\":{\"@id\":\"https:\\\/\\\/www.klkoleo.com\\\/de\\\/klktensachem\\\/#primaryimage\"},\"image\":{\"@id\":\"https:\\\/\\\/www.klkoleo.com\\\/de\\\/klktensachem\\\/#primaryimage\"},\"thumbnailUrl\":\"https:\\\/\\\/www.klkoleo.com\\\/wp-content\\\/uploads\\\/2025\\\/06\\\/KLK-Tensachem-Page-Banner.png\",\"datePublished\":\"2025-05-17T11:07:19+00:00\",\"dateModified\":\"2025-05-17T11:13:29+00:00\",\"breadcrumb\":{\"@id\":\"https:\\\/\\\/www.klkoleo.com\\\/de\\\/klktensachem\\\/#breadcrumb\"},\"inLanguage\":\"de\",\"potentialAction\":[{\"@type\":\"ReadAction\",\"target\":[\"https:\\\/\\\/www.klkoleo.com\\\/de\\\/klktensachem\\\/\"]}]},{\"@type\":\"ImageObject\",\"inLanguage\":\"de\",\"@id\":\"https:\\\/\\\/www.klkoleo.com\\\/de\\\/klktensachem\\\/#primaryimage\",\"url\":\"https:\\\/\\\/www.klkoleo.com\\\/wp-content\\\/uploads\\\/2025\\\/06\\\/KLK-Tensachem-Page-Banner.png\",\"contentUrl\":\"https:\\\/\\\/www.klkoleo.com\\\/wp-content\\\/uploads\\\/2025\\\/06\\\/KLK-Tensachem-Page-Banner.png\",\"width\":1920,\"height\":250},{\"@type\":\"BreadcrumbList\",\"@id\":\"https:\\\/\\\/www.klkoleo.com\\\/de\\\/klktensachem\\\/#breadcrumb\",\"itemListElement\":[{\"@type\":\"ListItem\",\"position\":1,\"name\":\"Home\",\"item\":\"https:\\\/\\\/www.klkoleo.com\\\/de\\\/\"},{\"@type\":\"ListItem\",\"position\":2,\"name\":\"KLK Tensachem\"}]},{\"@type\":\"WebSite\",\"@id\":\"https:\\\/\\\/www.klkoleo.com\\\/de\\\/#website\",\"url\":\"https:\\\/\\\/www.klkoleo.com\\\/de\\\/\",\"name\":\"KLK OLEO\",\"description\":\"Everyday Convenient to Global Solutions\",\"potentialAction\":[{\"@type\":\"SearchAction\",\"target\":{\"@type\":\"EntryPoint\",\"urlTemplate\":\"https:\\\/\\\/www.klkoleo.com\\\/de\\\/?s={search_term_string}\"},\"query-input\":{\"@type\":\"PropertyValueSpecification\",\"valueRequired\":true,\"valueName\":\"search_term_string\"}}],\"inLanguage\":\"de\"}]}<\/script>\n<!-- \/ Yoast SEO plugin. -->","yoast_head_json":{"title":"KLK Tensachem - KLK OLEO","robots":{"index":"index","follow":"follow","max-snippet":"max-snippet:-1","max-image-preview":"max-image-preview:large","max-video-preview":"max-video-preview:-1"},"canonical":"https:\/\/www.klkoleo.com\/de\/klktensachem\/","og_locale":"de_DE","og_type":"article","og_title":"KLK Tensachem - KLK OLEO","og_url":"https:\/\/www.klkoleo.com\/de\/klktensachem\/","og_site_name":"KLK OLEO","article_modified_time":"2025-05-17T11:13:29+00:00","og_image":[{"width":1920,"height":250,"url":"https:\/\/www.klkoleo.com\/wp-content\/uploads\/2020\/04\/banner01.jpg","type":"image\/jpeg"}],"twitter_card":"summary_large_image","twitter_misc":{"Gesch\u00e4tzte Lesezeit":"2\u00a0Minuten"},"schema":{"@context":"https:\/\/schema.org","@graph":[{"@type":"WebPage","@id":"https:\/\/www.klkoleo.com\/de\/klktensachem\/","url":"https:\/\/www.klkoleo.com\/de\/klktensachem\/","name":"KLK Tensachem - KLK OLEO","isPartOf":{"@id":"https:\/\/www.klkoleo.com\/de\/#website"},"primaryImageOfPage":{"@id":"https:\/\/www.klkoleo.com\/de\/klktensachem\/#primaryimage"},"image":{"@id":"https:\/\/www.klkoleo.com\/de\/klktensachem\/#primaryimage"},"thumbnailUrl":"https:\/\/www.klkoleo.com\/wp-content\/uploads\/2025\/06\/KLK-Tensachem-Page-Banner.png","datePublished":"2025-05-17T11:07:19+00:00","dateModified":"2025-05-17T11:13:29+00:00","breadcrumb":{"@id":"https:\/\/www.klkoleo.com\/de\/klktensachem\/#breadcrumb"},"inLanguage":"de","potentialAction":[{"@type":"ReadAction","target":["https:\/\/www.klkoleo.com\/de\/klktensachem\/"]}]},{"@type":"ImageObject","inLanguage":"de","@id":"https:\/\/www.klkoleo.com\/de\/klktensachem\/#primaryimage","url":"https:\/\/www.klkoleo.com\/wp-content\/uploads\/2025\/06\/KLK-Tensachem-Page-Banner.png","contentUrl":"https:\/\/www.klkoleo.com\/wp-content\/uploads\/2025\/06\/KLK-Tensachem-Page-Banner.png","width":1920,"height":250},{"@type":"BreadcrumbList","@id":"https:\/\/www.klkoleo.com\/de\/klktensachem\/#breadcrumb","itemListElement":[{"@type":"ListItem","position":1,"name":"Home","item":"https:\/\/www.klkoleo.com\/de\/"},{"@type":"ListItem","position":2,"name":"KLK Tensachem"}]},{"@type":"WebSite","@id":"https:\/\/www.klkoleo.com\/de\/#website","url":"https:\/\/www.klkoleo.com\/de\/","name":"KLK OLEO","description":"Everyday Convenient to Global Solutions","potentialAction":[{"@type":"SearchAction","target":{"@type":"EntryPoint","urlTemplate":"https:\/\/www.klkoleo.com\/de\/?s={search_term_string}"},"query-input":{"@type":"PropertyValueSpecification","valueRequired":true,"valueName":"search_term_string"}}],"inLanguage":"de"}]}},"_links":{"self":[{"href":"https:\/\/www.klkoleo.com\/de\/wp-json\/wp\/v2\/pages\/10856","targetHints":{"allow":["GET"]}}],"collection":[{"href":"https:\/\/www.klkoleo.com\/de\/wp-json\/wp\/v2\/pages"}],"about":[{"href":"https:\/\/www.klkoleo.com\/de\/wp-json\/wp\/v2\/types\/page"}],"author":[{"embeddable":true,"href":"https:\/\/www.klkoleo.com\/de\/wp-json\/wp\/v2\/users\/2"}],"replies":[{"embeddable":true,"href":"https:\/\/www.klkoleo.com\/de\/wp-json\/wp\/v2\/comments?post=10856"}],"version-history":[{"count":0,"href":"https:\/\/www.klkoleo.com\/de\/wp-json\/wp\/v2\/pages\/10856\/revisions"}],"wp:featuredmedia":[{"embeddable":true,"href":"https:\/\/www.klkoleo.com\/de\/wp-json\/wp\/v2\/media\/10937"}],"wp:attachment":[{"href":"https:\/\/www.klkoleo.com\/de\/wp-json\/wp\/v2\/media?parent=10856"}],"curies":[{"name":"wp","href":"https:\/\/api.w.org\/{rel}","templated":true}]}}