{"id":4711,"date":"2022-02-15T10:02:57","date_gmt":"2022-02-15T02:02:57","guid":{"rendered":"https:\/\/klk.dev1.malaysiaweb.my\/?page_id=4711"},"modified":"2026-03-16T11:28:21","modified_gmt":"2026-03-16T03:28:21","slug":"about-us","status":"publish","type":"page","link":"https:\/\/www.klkoleo.com\/de\/about-us\/","title":{"rendered":"\u00dcber uns"},"content":{"rendered":"<section class=\"about-section-1 nvp100\">\n<div class=\"container\">\n<div class=\"row\">\n<div class=\"col-md-12 ncol ncol-1\">\n<div class=\"nbox contain-wrapper\">\n<h3 class=\"pattern\">\u00dcber <label>KLK OLEO<\/label><\/h3>\n<p>KLK OLEO ist einer der weltweit f\u00fchrenden Hersteller von Oleochemikalien, der sich der Bereitstellung von Spitzenleistungen auf dem globalen Markt verschrieben hat.<\/p>\n<p>Unsere oleochemischen Anlagen, die in wichtigen Beschaffungs- und Versorgungsm\u00e4rkten (Malaysia, Indonesien, China und Europa) liegen, produzieren eine breite Palette an hochwertigen, nachhaltigen oleochemischen Produkten aus nat\u00fcrlichen nachwachsenden Rohstoffen.<\/p>\n<p>KLK OLEO ist der oleochemische Produktionsbereich von <a href=\"https:\/\/www.klk.com.my\/\" target=\"_blank\" rel=\"noopener\">Kuala Lumpur Kepong Berhad (\u201eKLK\u201c)<\/a>, einem f\u00fchrenden internationalen Plantagenkonzern, der am Hauptmarkt von Bursa Malaysia Securities Berhad notiert ist. Durch die strategische Integration in unseren Mutterkonzern ist KLK OLEO in der Lage, Synergien zu nutzen und sich auf die Entwicklung nachhaltiger L\u00f6sungen und eine zuverl\u00e4ssige Lieferung an unsere Kunden zu konzentrieren. Bei KLK OLEO ist Nachhaltigkeit ein wesentlicher Bestandteil unseres Gesch\u00e4fts. Wir glauben, dass alles, was wir tun, Auswirkungen auf das gesamte \u00d6kosystem hat und nicht nur auf den Menschen. Gemeinsam mit unseren Kunden und Partnern haben wir die Kraft, nachhaltigere Produkte und L\u00f6sungen zu entwickeln.<\/p>\n<p>Das Produktionsportfolio von KLK OLEO reicht von oleochemischen Basisprodukten wie Fetts\u00e4uren, Glycerin, Fettalkoholen und Fettestern bis hin zu Spezialit\u00e4ten wie Methylestersulfonaten (MES), Tensiden und Phyton\u00e4hrstoffen. Unsere Produkte werden in verschiedenen Endanwendungen eingesetzt, darunter in der h\u00e4uslichen und pers\u00f6nlichen Pflege, in Sch\u00f6nheit &amp; K\u00f6rperpflege, Haushaltspflege, Industrie &amp; Institutionelle (I&amp;I) Reinigung, Life Science, Lebensmittel &amp; Ern\u00e4hrung, Schmierstoffe, Polymere und mehr.<\/p>\n<p>Wir glauben fest an Innovation und legen einen starken Fokus auf Forschung und Entwicklung. Die Schaffung neuer Downstream Gesch\u00e4fte ist von zentraler Bedeutung f\u00fcr unsere Strategie zur Maximierung der integrierten Wertsch\u00f6pfungskette. Der Ansatz von KLK OLEO kombiniert Forschung und Branchenfokus, um innovative und nachhaltige Produkte f\u00fcr Kunden und Partner zu entwickeln und so Leistung, Qualit\u00e4t und Versorgungssicherheit zu gew\u00e4hrleisten.<\/p>\n<p>Wir sind stolz darauf, Teil der globalen oleochemischen Industrie zu sein. Indem wir uns auf Nachhaltigkeit, Qualit\u00e4t, operationale Exzellenz, Menschen und ethische Praktiken konzentrieren, w\u00e4chst unsere Vision, der vertrauensw\u00fcrdigste globale Partner f\u00fcr oleobasierte Produkte und L\u00f6sungen zu sein und so das Leben jeden Tag auf nachhaltige Weise zu bereichern.<\/p>\n<\/div>\n<\/div>\n<\/div>\n<div class=\"row\">\n<div class=\"col-md-12 ncol ncol-1 text-center\">\n<div class=\"nbox contain-wrapper\"><span class=\"su-lightbox nvideo-template\" data-mfp-src=\"https:\/\/www.youtube.com\/watch?v=UKwlxsZb8cI\" data-mfp-type=\"iframe\" data-mobile=\"yes\"><img fetchpriority=\"high\" decoding=\"async\" class=\"alignnone size-full wp-image-92\" src=\"https:\/\/www.klkoleo.com\/wp-content\/uploads\/2025\/02\/2025-RISE-Thumbnail-01.png\" alt=\"\" width=\"776\" height=\"445\" \/><\/span><\/div>\n<\/div>\n<\/div>\n<\/div>\n<\/section>\n<section class=\"about-section-2\">\n<div class=\"container-fluid\">\n<div class=\"row nflex\">\n<div class=\"col-md-5 ncol ncol-1 white\">\n<div class=\"nbox contain-wrapper\">\n<h3>Unsere Vision<\/h3>\n<p>Wir entwickeln uns zum vertrauensw\u00fcrdigsten globalen Partner f\u00fcr oleo-basierte Produkte und L\u00f6sungen und bereichern so das Leben jeden Tag auf nachhaltige Weise.<\/p>\n<\/div>\n<\/div>\n<div class=\"col-md-7 ncol ncol-2\">\n<div class=\"nbox contain-wrapper nbox-shadow\">\n<h3>Unsere <span class=\"our-mission-green\">Mission<\/span><\/h3>\n<div class=\"su-list\" style=\"margin-left:0px\">\n<ul>\n<li><i class=\"sui sui-caret-right\" style=\"color:#fff\"><\/i> <span class=\"our-mission-green\"><b>Nachhaltigkeit<\/b><\/span><br \/>\nWir verpflichten uns, positiv auf Klima und Mensch einzuwirken.<\/li>\n<li><i class=\"sui sui-caret-right\" style=\"color:#fff\"><\/i> <span class=\"our-mission-green\"><b>Qualit\u00e4t<\/b><\/span><br \/>\nZuverl\u00e4ssige Lieferung von wettbewerbsf\u00e4higen, qualitativ hochwertigen Produkten und L\u00f6sungen, um die Erwartungen unserer Kunden zu erf\u00fcllen und zu \u00fcbertreffen.<\/li>\n<li><i class=\"sui sui-caret-right\" style=\"color:#fff\"><\/i> <span class=\"our-mission-green\"><b>Operational Excellence<\/b><\/span><br \/>\nSchaffung von Mehrwert durch das Bekenntnis zu Operational Excellence, inspiriert von einer Kultur der kontinuierlichen Verbesserung und Innovationen.<\/li>\n<li><i class=\"sui sui-caret-right\" style=\"color:#fff\"><\/i> <span class=\"our-mission-green\"><b>Menschen<\/b><\/span><br \/>\nEin Team bilden, das Menschen unter-schiedlicher Herkunft durch F\u00f6rderung und Anerkennung wertsch\u00e4tzt und entwickelt.<\/li>\n<li><i class=\"sui sui-caret-right\" style=\"color:#fff\"><\/i> <span class=\"our-mission-green\"><b>Ethische Methoden<\/b><\/span><br \/>\nWerte, die auf dem Verm\u00e4chtnis ethischer Methoden ihres Gr\u00fcnders basieren, und dazu verpflichten, verantwortungsvoll und integer zu handeln.<\/li>\n<\/ul>\n<\/div>\n<\/div>\n<\/div>\n<\/div>\n<\/div>\n<\/section>\n<section class=\"about-section-3 npt100\">\n<div class=\"container\">\n<div class=\"row\">\n<div class=\"col-md-12 ncol ncol-1\">\n<div class=\"nbox contain-wrapper\">\n<h3 class=\"pattern\">Unsere Werte <label><em>T<\/em>.<em>H<\/em>.<em>R<\/em>.<em>I<\/em>.<em>I<\/em>.<em>L<\/em><\/label><\/h3>\n<ul class=\"ntype-list thriil-list\">\n<li>\n<div class=\"inner-nbox\">\n<div class=\"content-wrapper\">\n<h6>Zusammenarbeit<\/h6>\n<p>\u00dcber geografische, bereichsbezogene und funktionale Grenzen hinausgehen, um gemeinsame Ziele zu erreichen. Die Zusammenarbeit steht im Mittelpunkt unseres Handelns.<\/p>\n<\/div>\n<\/div>\n<\/li>\n<li>\n<div class=\"inner-nbox\">\n<div class=\"content-wrapper\">\n<h6>Bescheidenheit<\/h6>\n<p>Aufgeschlossen sein, um die St\u00e4rken anderer zu erkennen, und die Bereitschaft haben, uns selbst zu fordern und zu wachsen.<\/p>\n<\/div>\n<\/div>\n<\/li>\n<li>\n<div class=\"inner-nbox\">\n<div class=\"content-wrapper\">\n<h6>Ergebnisse<\/h6>\n<p>Verpflichtung zu au\u00dfergew\u00f6hnlichen Leistungen und Exzellenz, um in allem, was wir tun, den gewissen Unterschied zu bewirken.<\/p>\n<\/div>\n<\/div>\n<\/li>\n<li>\n<div class=\"inner-nbox\">\n<div class=\"content-wrapper\">\n<h6>Integrit\u00e4t<\/h6>\n<p>Ethische F\u00fchrung mit einem starken moralischen Kompass, der jeden Einzelnen dazu inspiriert, das Richtige zu tun.<\/p>\n<\/div>\n<\/div>\n<\/li>\n<li>\n<div class=\"inner-nbox\">\n<div class=\"content-wrapper\">\n<h6>Innovatives Denken<\/h6>\n<p>Wachstum durch neue Ideen und kontinuierliche Verbesserung, um die Erwartungen konsequent zu \u00fcbertreffen.<\/p>\n<\/div>\n<\/div>\n<\/li>\n<li>\n<div class=\"inner-nbox\">\n<div class=\"content-wrapper\">\n<h6>Loyalit\u00e4t<\/h6>\n<p>Engagiert f\u00fcr den gemeinsamen Aufbau einer besseren Zukunft, mit gegenseitigem Vertrauen und Umsicht, w\u00e4hrend wir die Interessen des Unternehmens als unsere eigenen wahren.<\/p>\n<\/div>\n<\/div>\n<\/li>\n<\/ul>\n<\/div>\n<\/div>\n<\/div>\n<\/div>\n<\/section>\n<section class=\"about-section-4 nvp100 text-center\">\n<div class=\"container-fluid\">\n<div class=\"row\">\n<div class=\"col-md-12 ncol ncol-1\">\n<div class=\"nbox contain-wrapper\">\n<h3><label>KLK OLEO<\/label> Globale Pr\u00e4senz<\/h3>\n<div class=\"img-wrapper\"><img decoding=\"async\" class=\"aligncenter wp-image-11609 size-large\" src=\"https:\/\/www.klkoleo.com\/wp-content\/uploads\/2026\/01\/2026-01-Global-Presence_German-1.jpg\" alt=\"KLK OLEO Global Presence German\" width=\"1100\" \/><\/div>\n<\/div>\n<\/div>\n<\/div>\n<\/div>\n<\/section>\n<section class=\"about-section-5 branches-section text-center\">\n<div class=\"container-fluid\">\n<div class=\"row\">\n<div class=\"col-md-12 ncol ncol-1\">\n<div class=\"nbox contain-wrapper\">\n<ul class=\"ntype-list global-map-branches\">\n<li class=\"country-sea\">\n<div class=\"gm-branches-wrapper\">\n<h5>South East Asia<\/h5>\n<h6>Malaysia<\/h6>\n<ul class=\"ntype-list gm-country-list\">\n<li><a href=\"https:\/\/www.klkoleo.com\/de\/palm-oleo-sdn-bhd\/\">Palm-Oleo<\/a><\/li>\n<li><a href=\"https:\/\/www.klkoleo.com\/de\/palm-oleo-klang-sdn-bhd\/\">Palm-Oleo (Klang)<\/a><\/li>\n<li><a href=\"https:\/\/www.klkoleo.com\/de\/kl-kepong-oleomas-sdn-bhd\/\">KL-Kepong Oleomas<\/a><\/li>\n<li><a href=\"https:\/\/www.klkoleo.com\/de\/klk-bioenergy-sdn-bhd\/\">KLK Bioenergy<\/a><\/li>\n<li><a href=\"https:\/\/klkoleo.com\/davoslife\/\" target=\"_blank\" rel=\"noopener noreferrer\">Davos Life Science<\/a><\/li>\n<\/ul>\n<h6>Indonesia<\/h6>\n<ul class=\"ntype-list gm-country-list\">\n<li><a href=\"https:\/\/www.klkoleo.com\/de\/pt-klk-dumai\/\">KLK Dumai<\/a><\/li>\n<\/ul>\n<\/div>\n<\/li>\n<li class=\"country-ea\">\n<div class=\"gm-branches-wrapper\">\n<h5>East Asia<\/h5>\n<h6>China<\/h6>\n<ul class=\"ntype-list gm-country-list\">\n<li><a href=\"https:\/\/www.klkoleo.com\/de\/taiko-palm-oleo-zhangjiagang-co-ltd\/\">Taiko Palm-Oleo (Zhangjiagang)<\/a><\/li>\n<\/ul>\n<\/div>\n<\/li>\n<li class=\"country-eu\">\n<div class=\"gm-branches-wrapper\">\n<h5>Europe<\/h5>\n<h6>Germany<\/h6>\n<ul class=\"ntype-list gm-country-list\">\n<li><a href=\"https:\/\/klkoleo.com\/klkemmerich\/en\/\" target=\"_blank\" rel=\"noopener noreferrer\">KLK EMMERICH GmbH<\/a><\/li>\n<\/ul>\n<h6>Netherlands<\/h6>\n<ul class=\"ntype-list gm-country-list\">\n<li><a href=\"https:\/\/www.kolb.ch\/company\/#delden\" target=\"_blank\" rel=\"noopener noreferrer\">KLK Kolb Specialties<\/a><\/li>\n<li><a href=\"https:\/\/www.kolb.ch\/company\/\" target=\"_blank\" rel=\"noopener noreferrer\">Dr. W. Kolb Nederland<\/a><\/li>\n<\/ul>\n<h6>Switzerland<\/h6>\n<ul class=\"ntype-list gm-country-list\">\n<li><a href=\"https:\/\/www.kolb.ch\/\" target=\"_blank\" rel=\"noopener noreferrer\">Kolb Distribution<\/a><\/li>\n<\/ul>\n<h6>Belgium<\/h6>\n<ul class=\"ntype-list gm-country-list\">\n<li><a href=\"\/de\/klktensachem\/\" target=\"_blank\" rel=\"noopener noreferrer\">KLK Tensachem<\/a><\/li>\n<\/ul>\n<h6>Italy<\/h6>\n<ul class=\"ntype-list gm-country-list\">\n<li><a href=\"https:\/\/www.temixoleo.com\/\" target=\"_blank\" rel=\"noopener noreferrer\">KLK Temix<\/a><\/li>\n<\/ul>\n<\/div>\n<\/li>\n<li class=\"country-ac\">\n<div class=\"gm-branches-wrapper\">\n<h5>Americas<\/h5>\n<h6>United States<\/h6>\n<ul class=\"ntype-list gm-country-list\">\n<li><a href=\"https:\/\/www.klkoleo.com\/klk-oleo-americas-inc\/'\">KLK OLEO Americas<\/a><\/li>\n<\/ul>\n<\/div>\n<\/li>\n<\/ul>\n<\/div>\n<\/div>\n<\/div>\n<\/div>\n<\/section>\n","protected":false},"excerpt":{"rendered":"","protected":false},"author":1,"featured_media":5103,"parent":0,"menu_order":0,"comment_status":"closed","ping_status":"closed","template":"page-fullwidth.php","meta":{"footnotes":""},"class_list":["post-4711","page","type-page","status-publish","has-post-thumbnail","hentry"],"yoast_head":"<!-- This site is optimized with the Yoast SEO plugin v27.6 - https:\/\/yoast.com\/product\/yoast-seo-wordpress\/ -->\n<title>\u00dcber uns - KLK OLEO<\/title>\n<meta name=\"robots\" content=\"index, follow, max-snippet:-1, max-image-preview:large, max-video-preview:-1\" \/>\n<link rel=\"canonical\" href=\"https:\/\/www.klkoleo.com\/de\/about-us\/\" \/>\n<meta property=\"og:locale\" content=\"de_DE\" \/>\n<meta property=\"og:type\" content=\"article\" \/>\n<meta property=\"og:title\" content=\"\u00dcber uns - KLK OLEO\" \/>\n<meta property=\"og:url\" content=\"https:\/\/www.klkoleo.com\/de\/about-us\/\" \/>\n<meta property=\"og:site_name\" content=\"KLK OLEO\" \/>\n<meta property=\"article:modified_time\" content=\"2026-03-16T03:28:21+00:00\" \/>\n<meta property=\"og:image\" content=\"https:\/\/www.klkoleo.com\/wp-content\/uploads\/2022\/05\/About-Us-R3.jpg\" \/>\n\t<meta property=\"og:image:width\" content=\"1920\" \/>\n\t<meta property=\"og:image:height\" content=\"250\" \/>\n\t<meta property=\"og:image:type\" content=\"image\/jpeg\" \/>\n<meta name=\"twitter:card\" content=\"summary_large_image\" \/>\n<meta name=\"twitter:label1\" content=\"Gesch\u00e4tzte Lesezeit\" \/>\n\t<meta name=\"twitter:data1\" content=\"4\u00a0Minuten\" \/>\n<script type=\"application\/ld+json\" class=\"yoast-schema-graph\">{\"@context\":\"https:\\\/\\\/schema.org\",\"@graph\":[{\"@type\":\"WebPage\",\"@id\":\"https:\\\/\\\/www.klkoleo.com\\\/de\\\/about-us\\\/\",\"url\":\"https:\\\/\\\/www.klkoleo.com\\\/de\\\/about-us\\\/\",\"name\":\"\u00dcber uns - KLK OLEO\",\"isPartOf\":{\"@id\":\"https:\\\/\\\/www.klkoleo.com\\\/de\\\/#website\"},\"primaryImageOfPage\":{\"@id\":\"https:\\\/\\\/www.klkoleo.com\\\/de\\\/about-us\\\/#primaryimage\"},\"image\":{\"@id\":\"https:\\\/\\\/www.klkoleo.com\\\/de\\\/about-us\\\/#primaryimage\"},\"thumbnailUrl\":\"https:\\\/\\\/www.klkoleo.com\\\/wp-content\\\/uploads\\\/2022\\\/05\\\/About-Us-R3.jpg\",\"datePublished\":\"2022-02-15T02:02:57+00:00\",\"dateModified\":\"2026-03-16T03:28:21+00:00\",\"breadcrumb\":{\"@id\":\"https:\\\/\\\/www.klkoleo.com\\\/de\\\/about-us\\\/#breadcrumb\"},\"inLanguage\":\"de\",\"potentialAction\":[{\"@type\":\"ReadAction\",\"target\":[\"https:\\\/\\\/www.klkoleo.com\\\/de\\\/about-us\\\/\"]}]},{\"@type\":\"ImageObject\",\"inLanguage\":\"de\",\"@id\":\"https:\\\/\\\/www.klkoleo.com\\\/de\\\/about-us\\\/#primaryimage\",\"url\":\"https:\\\/\\\/www.klkoleo.com\\\/wp-content\\\/uploads\\\/2022\\\/05\\\/About-Us-R3.jpg\",\"contentUrl\":\"https:\\\/\\\/www.klkoleo.com\\\/wp-content\\\/uploads\\\/2022\\\/05\\\/About-Us-R3.jpg\",\"width\":1920,\"height\":250,\"caption\":\"KLK OLOE About Us Page Banner\"},{\"@type\":\"BreadcrumbList\",\"@id\":\"https:\\\/\\\/www.klkoleo.com\\\/de\\\/about-us\\\/#breadcrumb\",\"itemListElement\":[{\"@type\":\"ListItem\",\"position\":1,\"name\":\"Home\",\"item\":\"https:\\\/\\\/www.klkoleo.com\\\/de\\\/\"},{\"@type\":\"ListItem\",\"position\":2,\"name\":\"\u00dcber uns\"}]},{\"@type\":\"WebSite\",\"@id\":\"https:\\\/\\\/www.klkoleo.com\\\/de\\\/#website\",\"url\":\"https:\\\/\\\/www.klkoleo.com\\\/de\\\/\",\"name\":\"KLK OLEO\",\"description\":\"Everyday Convenient to Global Solutions\",\"potentialAction\":[{\"@type\":\"SearchAction\",\"target\":{\"@type\":\"EntryPoint\",\"urlTemplate\":\"https:\\\/\\\/www.klkoleo.com\\\/de\\\/?s={search_term_string}\"},\"query-input\":{\"@type\":\"PropertyValueSpecification\",\"valueRequired\":true,\"valueName\":\"search_term_string\"}}],\"inLanguage\":\"de\"}]}<\/script>\n<!-- \/ Yoast SEO plugin. -->","yoast_head_json":{"title":"\u00dcber uns - KLK OLEO","robots":{"index":"index","follow":"follow","max-snippet":"max-snippet:-1","max-image-preview":"max-image-preview:large","max-video-preview":"max-video-preview:-1"},"canonical":"https:\/\/www.klkoleo.com\/de\/about-us\/","og_locale":"de_DE","og_type":"article","og_title":"\u00dcber uns - KLK OLEO","og_url":"https:\/\/www.klkoleo.com\/de\/about-us\/","og_site_name":"KLK OLEO","article_modified_time":"2026-03-16T03:28:21+00:00","og_image":[{"width":1920,"height":250,"url":"https:\/\/www.klkoleo.com\/wp-content\/uploads\/2022\/05\/About-Us-R3.jpg","type":"image\/jpeg"}],"twitter_card":"summary_large_image","twitter_misc":{"Gesch\u00e4tzte Lesezeit":"4\u00a0Minuten"},"schema":{"@context":"https:\/\/schema.org","@graph":[{"@type":"WebPage","@id":"https:\/\/www.klkoleo.com\/de\/about-us\/","url":"https:\/\/www.klkoleo.com\/de\/about-us\/","name":"\u00dcber uns - KLK OLEO","isPartOf":{"@id":"https:\/\/www.klkoleo.com\/de\/#website"},"primaryImageOfPage":{"@id":"https:\/\/www.klkoleo.com\/de\/about-us\/#primaryimage"},"image":{"@id":"https:\/\/www.klkoleo.com\/de\/about-us\/#primaryimage"},"thumbnailUrl":"https:\/\/www.klkoleo.com\/wp-content\/uploads\/2022\/05\/About-Us-R3.jpg","datePublished":"2022-02-15T02:02:57+00:00","dateModified":"2026-03-16T03:28:21+00:00","breadcrumb":{"@id":"https:\/\/www.klkoleo.com\/de\/about-us\/#breadcrumb"},"inLanguage":"de","potentialAction":[{"@type":"ReadAction","target":["https:\/\/www.klkoleo.com\/de\/about-us\/"]}]},{"@type":"ImageObject","inLanguage":"de","@id":"https:\/\/www.klkoleo.com\/de\/about-us\/#primaryimage","url":"https:\/\/www.klkoleo.com\/wp-content\/uploads\/2022\/05\/About-Us-R3.jpg","contentUrl":"https:\/\/www.klkoleo.com\/wp-content\/uploads\/2022\/05\/About-Us-R3.jpg","width":1920,"height":250,"caption":"KLK OLOE About Us Page Banner"},{"@type":"BreadcrumbList","@id":"https:\/\/www.klkoleo.com\/de\/about-us\/#breadcrumb","itemListElement":[{"@type":"ListItem","position":1,"name":"Home","item":"https:\/\/www.klkoleo.com\/de\/"},{"@type":"ListItem","position":2,"name":"\u00dcber uns"}]},{"@type":"WebSite","@id":"https:\/\/www.klkoleo.com\/de\/#website","url":"https:\/\/www.klkoleo.com\/de\/","name":"KLK OLEO","description":"Everyday Convenient to Global Solutions","potentialAction":[{"@type":"SearchAction","target":{"@type":"EntryPoint","urlTemplate":"https:\/\/www.klkoleo.com\/de\/?s={search_term_string}"},"query-input":{"@type":"PropertyValueSpecification","valueRequired":true,"valueName":"search_term_string"}}],"inLanguage":"de"}]}},"_links":{"self":[{"href":"https:\/\/www.klkoleo.com\/de\/wp-json\/wp\/v2\/pages\/4711","targetHints":{"allow":["GET"]}}],"collection":[{"href":"https:\/\/www.klkoleo.com\/de\/wp-json\/wp\/v2\/pages"}],"about":[{"href":"https:\/\/www.klkoleo.com\/de\/wp-json\/wp\/v2\/types\/page"}],"author":[{"embeddable":true,"href":"https:\/\/www.klkoleo.com\/de\/wp-json\/wp\/v2\/users\/1"}],"replies":[{"embeddable":true,"href":"https:\/\/www.klkoleo.com\/de\/wp-json\/wp\/v2\/comments?post=4711"}],"version-history":[{"count":0,"href":"https:\/\/www.klkoleo.com\/de\/wp-json\/wp\/v2\/pages\/4711\/revisions"}],"wp:featuredmedia":[{"embeddable":true,"href":"https:\/\/www.klkoleo.com\/de\/wp-json\/wp\/v2\/media\/5103"}],"wp:attachment":[{"href":"https:\/\/www.klkoleo.com\/de\/wp-json\/wp\/v2\/media?parent=4711"}],"curies":[{"name":"wp","href":"https:\/\/api.w.org\/{rel}","templated":true}]}}