{"id":4735,"date":"2022-02-15T11:48:54","date_gmt":"2022-02-15T03:48:54","guid":{"rendered":"https:\/\/klk.dev1.malaysiaweb.my\/?page_id=4735"},"modified":"2022-02-16T10:54:20","modified_gmt":"2022-02-16T02:54:20","slug":"corporate-responsibility","status":"publish","type":"page","link":"https:\/\/www.klkoleo.com\/de\/corporate-responsibility\/","title":{"rendered":"Unternehmensverantwortung"},"content":{"rendered":"<section class=\"sustainability-cr-section-1 nvp100\">\n<div class=\"container\">\n<div class=\"row\">\n<div class=\"col-md-12 ncol ncol-1\">\n<div class=\"nbox contain-wrapper\">\n<h3 class=\"pattern\">Werte, Gesellschaft<\/h3>\n<p>Wir sind ein sozial verantwortungsvolles Unternehmen, das sich f\u00fcr die Gesellschaft, in der wir t\u00e4tig sind, engagiert, um eine nachhaltige Zukunft zu sichern.<\/p>\n<p>Unternehmen sind Plattformen f\u00fcr sozialen Wandel, deren gesellschaftlicher Beitrag dazu verhilft, eine bessere Zukunft zu gestalten.<\/p>\n<p>Bei der Erreichung dieser Ziele bilden die Kernelemente Bildung, Gesellschaft, Umwelt und Mitarbeiter die S\u00e4ulen der Unternehmensverantwortung. Die Unternehmensprogramme unterst\u00fctzen die Mitarbeiter bei der Bildung von Teamwork und Engagement und machen sie so zu verantwortungsvollen Unternehmensmitgliedern.<\/p>\n<\/div>\n<\/div>\n<\/div>\n<\/div>\n<\/section>\n<section class=\"sustainability-cr-section-2 nvp100 bg-grey text-center\">\n<div class=\"container\">\n<div class=\"row\">\n<div class=\"col-md-12 ncol ncol-1\">\n<div class=\"nbox contain-wrapper\">\n<h3>Unsere Verpflichtungen:<\/h3>\n<div class=\"wphtsp-slider-wrp wphtsp-clearfix commitments-template\" data-conf=\"{&quot;dots&quot;:&quot;false&quot;,&quot;arrows&quot;:&quot;false&quot;,&quot;loop&quot;:&quot;true&quot;,&quot;autoplay&quot;:&quot;false&quot;,&quot;autoplayInterval&quot;:3000,&quot;speed&quot;:300,&quot;fade&quot;:&quot;false&quot;,&quot;adaptiveheight&quot;:&quot;true&quot;,&quot;slidestoshow&quot;:4,&quot;first_slide&quot;:0,&quot;nav_centermode&quot;:&quot;false&quot;,&quot;rtl&quot;:&quot;false&quot;,&quot;hover_pause&quot;:&quot;true&quot;,&quot;focus_pause&quot;:&quot;false&quot;,&quot;draggable&quot;:&quot;true&quot;,&quot;lazyload&quot;:&quot;&quot;}\">\n\t<div class=\"wphtsp-slider-inner-wrp wphtsp-slider-design-5 wphtsp-clearfix\">\n<div id=\"wphtsp-slider-nav-1\" class=\"wphtsp-slider-nav wphtsp-slick-slider\" data-slider-nav-for='wphtsp-slider-for-1'>\n\t\t\t<div class=\"wphtsp-slider-nav-title\">\n\t\t\t\t\t\t\t<div class=\"wphtsp-title\">Bildung<\/div>\n\t\t\t\t\t\t<div class=\"wphtsp-main-title\"><button><\/button><\/div>\n\t\t<\/div>\n\t\t\t<div class=\"wphtsp-slider-nav-title\">\n\t\t\t\t\t\t\t<div class=\"wphtsp-title\">Gesellschaft<\/div>\n\t\t\t\t\t\t<div class=\"wphtsp-main-title\"><button><\/button><\/div>\n\t\t<\/div>\n\t\t\t<div class=\"wphtsp-slider-nav-title\">\n\t\t\t\t\t\t\t<div class=\"wphtsp-title\">Umwelt<\/div>\n\t\t\t\t\t\t<div class=\"wphtsp-main-title\"><button><\/button><\/div>\n\t\t<\/div>\n\t\t\t<div class=\"wphtsp-slider-nav-title\">\n\t\t\t\t\t\t\t<div class=\"wphtsp-title\">Angestellte<\/div>\n\t\t\t\t\t\t<div class=\"wphtsp-main-title\"><button><\/button><\/div>\n\t\t<\/div>\n\t<\/div>\n\n<div class=\"wphtsp-slider-for-1 wphtsp-slider-for wphtsp-slick-slider\">\n\t\t\t<div class=\"wphtsp-slider-nav-content\">\n\t\t\t<div class=\"wphtsp-slider-nav-wrapper wphtsp-img-left\" >\n\t\t\t\t\t\t\t\t\t<div class=\"wphtsp-feature-img\">\n\t\t\t\t\t\t\t\t\t\t\t\t\t\t\t\t\t\t\t\t<img decoding=\"async\" src=\"https:\/\/www.klkoleo.com\/wp-content\/uploads\/2020\/06\/cr-education-01.jpg\" alt=\"Bildung\" \/>\t\t\t\t\t\t\t\t\t\t\t<\/div>\n\t\t\t\t\t<div class=\"wphtsp-content-wrapper \">\n\t\t\t\t\t\t<div class=\"nwphtsp-title-wrapper\">\n\t\t\t\t\t\t\t<div class=\"nicon-wrapper\"><img decoding=\"async\" src=\"https:\/\/www.klkoleo.com\/wp-content\/uploads\/2020\/06\/icon-cs-education-small.png\" \/><\/div>\t\t\t\t\t\t\t\t\t\t\t\t\t\t\t<h2 class=\"wphtsp-content-title\">\n\t\t\t\t\t\t\t\t\t\t\t\t\t\t\t\t\t\t\t<span >Bildung<\/span>\n\t\t\t\t\t\t\t\t\t\t\t\t\t\t\t\t\t<\/h2>\n\t\t\t\t\t\t\t\t\t\t\t\t\t\t<h6 class=\"nwphtsp-sub-title\">\n\t\t\t\t\t\t\t\tBevollm\u00e4chtigung durch Bildung\t\t\t\t\t\t\t<\/h6>\n\t\t\t\t\t\t<\/div>\n\n\t\t\t\t\t\t\t\t\t\t\t\t\t<div class=\"wphtsp-content\">\n\t\t\t\t\t\t\t\t\t\t\t\t\t\t\t\t\t<div class=\"wphtsp-tl-content wphtsp-fullcontent\" ><p>Wir sind davon \u00fcberzeugt, dass Bildung ein wichtiger Katalysator f\u00fcr positive Ver\u00e4nderungen ist und die Zukunft der Gemeinschaft ver\u00e4ndert. Daher bem\u00fchen wir uns, in den Gebieten, in denen wir t\u00e4tig sind, geeignete Bildungswege f\u00fcr Menschen und Gemeinschaften zu schaffen, die nicht das Gl\u00fcck haben, Zugang zu solchen M\u00f6glichkeiten zu haben.<\/p>\n<\/div>\n\t\t\t\t\t\t\t\t\t\t\t\t\t\t<\/div>\n\t\t\t\t\t\t\t\t\t\t\t<\/div>\n\t\t\t\t\t\t\t<\/div>\n\t\t<\/div>\n\t\t\t<div class=\"wphtsp-slider-nav-content\">\n\t\t\t<div class=\"wphtsp-slider-nav-wrapper wphtsp-img-left\" >\n\t\t\t\t\t\t\t\t\t<div class=\"wphtsp-feature-img\">\n\t\t\t\t\t\t\t\t\t\t\t\t\t\t\t\t\t\t\t\t<img decoding=\"async\" src=\"https:\/\/www.klkoleo.com\/wp-content\/uploads\/2020\/06\/cr-communityt-01.jpg\" alt=\"Gesellschaft\" \/>\t\t\t\t\t\t\t\t\t\t\t<\/div>\n\t\t\t\t\t<div class=\"wphtsp-content-wrapper \">\n\t\t\t\t\t\t<div class=\"nwphtsp-title-wrapper\">\n\t\t\t\t\t\t\t<div class=\"nicon-wrapper\"><img decoding=\"async\" src=\"https:\/\/www.klkoleo.com\/wp-content\/uploads\/2020\/06\/icon-cs-community-small.png\" \/><\/div>\t\t\t\t\t\t\t\t\t\t\t\t\t\t\t<h2 class=\"wphtsp-content-title\">\n\t\t\t\t\t\t\t\t\t\t\t\t\t\t\t\t\t\t\t<span >Gesellschaft<\/span>\n\t\t\t\t\t\t\t\t\t\t\t\t\t\t\t\t\t<\/h2>\n\t\t\t\t\t\t\t\t\t\t\t\t\t\t<h6 class=\"nwphtsp-sub-title\">\n\t\t\t\t\t\t\t\tF\u00fcrsorge f\u00fcr Menschen\t\t\t\t\t\t\t<\/h6>\n\t\t\t\t\t\t<\/div>\n\n\t\t\t\t\t\t\t\t\t\t\t\t\t<div class=\"wphtsp-content\">\n\t\t\t\t\t\t\t\t\t\t\t\t\t\t\t\t\t<div class=\"wphtsp-tl-content wphtsp-fullcontent\" ><p>Bei KLK setzen sich unsere Werte und die Kultur der F\u00fcrsorge \u00fcber die Generationen hinweg fort und sind in unserer Unternehmens-DNA verankert. Im Geiste der F\u00fcrsorge und des Teilens engagieren wir uns f\u00fcr die weniger Gl\u00fccklichen in verschiedenen Gemeinden. Wir werden uns bem\u00fchen, die Lebensbedingungen der Gemeinschaften in den Gebieten, in denen wir t\u00e4tig sind, zu verbessern.<\/p>\n<\/div>\n\t\t\t\t\t\t\t\t\t\t\t\t\t\t<\/div>\n\t\t\t\t\t\t\t\t\t\t\t<\/div>\n\t\t\t\t\t\t\t<\/div>\n\t\t<\/div>\n\t\t\t<div class=\"wphtsp-slider-nav-content\">\n\t\t\t<div class=\"wphtsp-slider-nav-wrapper wphtsp-img-left\" >\n\t\t\t\t\t\t\t\t\t<div class=\"wphtsp-feature-img\">\n\t\t\t\t\t\t\t\t\t\t\t\t\t\t\t\t\t\t\t\t<img decoding=\"async\" src=\"https:\/\/www.klkoleo.com\/wp-content\/uploads\/2020\/06\/cr-environment-01.jpg\" alt=\"Umwelt\" \/>\t\t\t\t\t\t\t\t\t\t\t<\/div>\n\t\t\t\t\t<div class=\"wphtsp-content-wrapper \">\n\t\t\t\t\t\t<div class=\"nwphtsp-title-wrapper\">\n\t\t\t\t\t\t\t<div class=\"nicon-wrapper\"><img decoding=\"async\" src=\"https:\/\/www.klkoleo.com\/wp-content\/uploads\/2020\/06\/icon-cs-environment-small.png\" \/><\/div>\t\t\t\t\t\t\t\t\t\t\t\t\t\t\t<h2 class=\"wphtsp-content-title\">\n\t\t\t\t\t\t\t\t\t\t\t\t\t\t\t\t\t\t\t<span >Umwelt<\/span>\n\t\t\t\t\t\t\t\t\t\t\t\t\t\t\t\t\t<\/h2>\n\t\t\t\t\t\t\t\t\t\t\t\t\t\t<h6 class=\"nwphtsp-sub-title\">\n\t\t\t\t\t\t\t\tVerringerung der Umweltbelastung\t\t\t\t\t\t\t<\/h6>\n\t\t\t\t\t\t<\/div>\n\n\t\t\t\t\t\t\t\t\t\t\t\t\t<div class=\"wphtsp-content\">\n\t\t\t\t\t\t\t\t\t\t\t\t\t\t\t\t\t<div class=\"wphtsp-tl-content wphtsp-fullcontent\" ><p>Wir legen gro\u00dfen Wert auf den Schutz und die Erhaltung der Umwelt, und dies spiegelt sich in unseren grundlegenden Gesch\u00e4ftspraktiken und Richtlinien wider. Wir sind der festen \u00dcberzeugung, dass unsere Lebensgrundlagen von einer ges\u00fcnderen und lebenswerteren Welt f\u00fcr uns und unsere zuk\u00fcnftigen Generationen abh\u00e4ngen.<\/p>\n<\/div>\n\t\t\t\t\t\t\t\t\t\t\t\t\t\t<\/div>\n\t\t\t\t\t\t\t\t\t\t\t<\/div>\n\t\t\t\t\t\t\t<\/div>\n\t\t<\/div>\n\t\t\t<div class=\"wphtsp-slider-nav-content\">\n\t\t\t<div class=\"wphtsp-slider-nav-wrapper wphtsp-img-left\" >\n\t\t\t\t\t\t\t\t\t<div class=\"wphtsp-feature-img\">\n\t\t\t\t\t\t\t\t\t\t\t\t\t\t\t\t\t\t\t\t<img decoding=\"async\" src=\"https:\/\/www.klkoleo.com\/wp-content\/uploads\/2020\/06\/cr-employeest-01.jpg\" alt=\"Angestellte\" \/>\t\t\t\t\t\t\t\t\t\t\t<\/div>\n\t\t\t\t\t<div class=\"wphtsp-content-wrapper \">\n\t\t\t\t\t\t<div class=\"nwphtsp-title-wrapper\">\n\t\t\t\t\t\t\t<div class=\"nicon-wrapper\"><img decoding=\"async\" src=\"https:\/\/www.klkoleo.com\/wp-content\/uploads\/2020\/06\/icon-cs-employee-small.png\" \/><\/div>\t\t\t\t\t\t\t\t\t\t\t\t\t\t\t<h2 class=\"wphtsp-content-title\">\n\t\t\t\t\t\t\t\t\t\t\t\t\t\t\t\t\t\t\t<span >Angestellte<\/span>\n\t\t\t\t\t\t\t\t\t\t\t\t\t\t\t\t\t<\/h2>\n\t\t\t\t\t\t\t\t\t\t\t\t\t\t<h6 class=\"nwphtsp-sub-title\">\n\t\t\t\t\t\t\t\tGesundheit und Wohlbefinden\t\t\t\t\t\t\t<\/h6>\n\t\t\t\t\t\t<\/div>\n\n\t\t\t\t\t\t\t\t\t\t\t\t\t<div class=\"wphtsp-content\">\n\t\t\t\t\t\t\t\t\t\t\t\t\t\t\t\t\t<div class=\"wphtsp-tl-content wphtsp-fullcontent\" ><p>Unsere Mitarbeiter sind eines unserer gr\u00f6\u00dften G\u00fcter, und ihre Gesundheit und ihr Wohlbefinden haben f\u00fcr uns oberste Priorit\u00e4t. Wir wollen unsere Mitarbeiter dabei unterst\u00fctzen, das Beste aus sich herauszuholen, indem wir ihnen ein Umfeld und M\u00f6glichkeiten bieten, die sie zu einem gesunden Lebensstil ermutigen und bef\u00e4higen.<\/p>\n<\/div>\n\t\t\t\t\t\t\t\t\t\t\t\t\t\t<\/div>\n\t\t\t\t\t\t\t\t\t\t\t<\/div>\n\t\t\t\t\t\t\t<\/div>\n\t\t<\/div>\n\t<\/div>\t<\/div>\n<\/div>\n<\/div>\n<\/div>\n<\/div>\n<\/div>\n<\/section>\n<section class=\"sustainability-cr-section-3 nvp100\">\n<div class=\"container\">\n<div class=\"row nrow-1\">\n<div class=\"col-md-12 ncol ncol-1\">\n<div class=\"nbox contain-wrapper\">\n<h3 class=\"pattern\">Laden sie CR-berichte herunter<\/h3>\n<ul class=\"cat-list cat-listing ntype-list cr-pdf-list \"><li><div class=\"block inner-nbox nbox-shadow\"><div class=\"img-wrapper\"><img decoding=\"async\" src=\"https:\/\/www.klkoleo.com\/wp-content\/uploads\/2024\/07\/KLKCare-CR-2023_Page_01.png\"\/><\/div><div class=\"post-content-wrapper\"><div class=\"contain-wrapper\"><div class=\"inner-contain-wrapper\"><h5 class=\"\">2023<\/h5><a href=\"https:\/\/www.klkoleo.com\/?r3d=klkcare-report-2023\" class=\"btn btn-default btn-lg\" target=\"_blank\">Download <\/a><\/div><\/div><\/div><\/div><\/li><li><div class=\"block inner-nbox nbox-shadow\"><div class=\"img-wrapper\"><img decoding=\"async\" src=\"https:\/\/www.klkoleo.com\/wp-content\/uploads\/2020\/06\/KLKCare-2019-Book-Cover-1.jpg\"\/><\/div><div class=\"post-content-wrapper\"><div class=\"contain-wrapper\"><div class=\"inner-contain-wrapper\"><h5 class=\"\">2019<\/h5><a href=\"https:\/\/www.klkoleo.com\/wp-content\/uploads\/2020\/06\/KLKCARE-CR-Report-2019.pdf\" class=\"btn btn-default btn-lg\" target=\"_blank\">Download <\/a><\/div><\/div><\/div><\/div><\/li><li><div class=\"block inner-nbox nbox-shadow\"><div class=\"img-wrapper\"><img decoding=\"async\" src=\"https:\/\/www.klkoleo.com\/wp-content\/uploads\/2020\/06\/KLKCare-2018-Book-Cover-1.jpg\"\/><\/div><div class=\"post-content-wrapper\"><div class=\"contain-wrapper\"><div class=\"inner-contain-wrapper\"><h5 class=\"\">2018<\/h5><a href=\"https:\/\/www.klkoleo.com\/wp-content\/uploads\/2020\/04\/20190417-KLK_CR-Report-Compressed.pdf\" class=\"btn btn-default btn-lg\" target=\"_blank\">Download <\/a><\/div><\/div><\/div><\/div><\/li><li><div class=\"block inner-nbox nbox-shadow\"><div class=\"img-wrapper\"><img decoding=\"async\" src=\"https:\/\/www.klkoleo.com\/wp-content\/uploads\/2020\/06\/KLKCare-2017-Book-Cover.jpg\"\/><\/div><div class=\"post-content-wrapper\"><div class=\"contain-wrapper\"><div class=\"inner-contain-wrapper\"><h5 class=\"\">2017<\/h5><a href=\"https:\/\/www.klkoleo.com\/wp-content\/uploads\/2020\/04\/2017-CR-Report-low-res.pdf\" class=\"btn btn-default btn-lg\" target=\"_blank\">Download <\/a><\/div><\/div><\/div><\/div><\/li><li><div class=\"block inner-nbox nbox-shadow\"><div class=\"img-wrapper\"><img decoding=\"async\" src=\"https:\/\/www.klkoleo.com\/wp-content\/uploads\/2020\/06\/KLKCare-2016-Book-Cover.jpg\"\/><\/div><div class=\"post-content-wrapper\"><div class=\"contain-wrapper\"><div class=\"inner-contain-wrapper\"><h5 class=\"\">2016<\/h5><a href=\"https:\/\/www.klkoleo.com\/wp-content\/uploads\/2020\/04\/KLKCARE_CR-Report-2016.pdf\" class=\"btn btn-default btn-lg\" target=\"_blank\">Download <\/a><\/div><\/div><\/div><\/div><\/li><li><div class=\"block inner-nbox nbox-shadow\"><div class=\"img-wrapper\"><img decoding=\"async\" src=\"https:\/\/www.klkoleo.com\/wp-content\/uploads\/2020\/06\/KLKCare-2015-Book-Cover.jpg\"\/><\/div><div class=\"post-content-wrapper\"><div class=\"contain-wrapper\"><div class=\"inner-contain-wrapper\"><h5 class=\"\">2015<\/h5><a href=\"https:\/\/www.klkoleo.com\/wp-content\/uploads\/2020\/04\/OleoCARE-Annual-Report-2015.compress.pdf\" class=\"btn btn-default btn-lg\" target=\"_blank\">Download <\/a><\/div><\/div><\/div><\/div><\/li><li><div class=\"block inner-nbox nbox-shadow\"><div class=\"img-wrapper\"><img decoding=\"async\" src=\"https:\/\/www.klkoleo.com\/wp-content\/uploads\/2020\/06\/KLKCare-2014-Book-Cover.jpg\"\/><\/div><div class=\"post-content-wrapper\"><div class=\"contain-wrapper\"><div class=\"inner-contain-wrapper\"><h5 class=\"\">2014<\/h5><a href=\"https:\/\/www.klkoleo.com\/wp-content\/uploads\/2020\/04\/OleoCARE-Annual-Report-2013-2014.pdf\" class=\"btn btn-default btn-lg\" target=\"_blank\">Download <\/a><\/div><\/div><\/div><\/div><\/li><\/ul>\n<\/div>\n<\/div>\n<\/div>\n<div class=\"row nrow-2 npt30 nflex nflex-hc\">\n<div class=\"col-md-8 ncol ncol-1\">\n<div class=\"nbox contain-wrapper\">\n<span class=\"su-lightbox nvideo-template\" data-mfp-src=\"https:\/\/www.youtube.com\/watch?v=nyOcE4JrubY\" data-mfp-type=\"iframe\" data-mobile=\"yes\"><img fetchpriority=\"high\" decoding=\"async\" class=\"alignnone size-full wp-image-265\" src=\"https:\/\/www.klkoleo.com\/wp-content\/uploads\/2020\/04\/cs-video.jpg\" alt=\"\" width=\"776\" height=\"445\" srcset=\"https:\/\/www.klkoleo.com\/wp-content\/uploads\/2020\/04\/cs-video.jpg 776w, https:\/\/www.klkoleo.com\/wp-content\/uploads\/2020\/04\/cs-video-300x172.jpg 300w, https:\/\/www.klkoleo.com\/wp-content\/uploads\/2020\/04\/cs-video-768x440.jpg 768w, https:\/\/www.klkoleo.com\/wp-content\/uploads\/2020\/04\/cs-video-600x344.jpg 600w\" sizes=\"(max-width: 776px) 100vw, 776px\" \/><\/span>\n<\/div>\n<\/div>\n<div class=\"col-md-4 ncol ncol-2 npt30 text-center\">\n<div class=\"nbox contain-wrapper\">\n<div class=\"img-wrapper\"><img decoding=\"async\" src=\"https:\/\/www.klkoleo.com\/wp-content\/uploads\/2021\/02\/klkcare-logo-300x223.jpg\" alt=\"\" width=\"300\" height=\"223\" class=\"alignnone size-medium wp-image-833\" srcset=\"https:\/\/www.klkoleo.com\/wp-content\/uploads\/2021\/02\/klkcare-logo-300x223.jpg 300w, https:\/\/www.klkoleo.com\/wp-content\/uploads\/2021\/02\/klkcare-logo.jpg 350w\" sizes=\"(max-width: 300px) 100vw, 300px\" \/><\/div>\n<h6>Follow us on <a href=\"https:\/\/www.facebook.com\/KLKCare\/\" target=\"_blank\" rel=\"noopener noreferrer\"><i class=\"fab fa-facebook-square\"><\/i><\/a><\/h6>\n<\/div>\n<\/div>\n<\/div>\n<\/div>\n<\/section>\n","protected":false},"excerpt":{"rendered":"","protected":false},"author":1,"featured_media":11161,"parent":0,"menu_order":0,"comment_status":"closed","ping_status":"closed","template":"page-fullwidth.php","meta":{"footnotes":""},"class_list":["post-4735","page","type-page","status-publish","has-post-thumbnail","hentry"],"yoast_head":"<!-- This site is optimized with the Yoast SEO plugin v27.6 - https:\/\/yoast.com\/product\/yoast-seo-wordpress\/ -->\n<title>Unternehmensverantwortung - KLK OLEO<\/title>\n<meta name=\"robots\" content=\"index, follow, max-snippet:-1, max-image-preview:large, max-video-preview:-1\" \/>\n<link rel=\"canonical\" href=\"https:\/\/www.klkoleo.com\/de\/corporate-responsibility\/\" \/>\n<meta property=\"og:locale\" content=\"de_DE\" \/>\n<meta property=\"og:type\" content=\"article\" \/>\n<meta property=\"og:title\" content=\"Unternehmensverantwortung - KLK OLEO\" \/>\n<meta property=\"og:url\" content=\"https:\/\/www.klkoleo.com\/de\/corporate-responsibility\/\" \/>\n<meta property=\"og:site_name\" content=\"KLK OLEO\" \/>\n<meta property=\"article:modified_time\" content=\"2022-02-16T02:54:20+00:00\" \/>\n<meta property=\"og:image\" content=\"https:\/\/www.klkoleo.com\/wp-content\/uploads\/2020\/04\/banner01.jpg\" \/>\n\t<meta property=\"og:image:width\" content=\"1920\" \/>\n\t<meta property=\"og:image:height\" content=\"250\" \/>\n\t<meta property=\"og:image:type\" content=\"image\/jpeg\" \/>\n<meta name=\"twitter:card\" content=\"summary_large_image\" \/>\n<meta name=\"twitter:label1\" content=\"Gesch\u00e4tzte Lesezeit\" \/>\n\t<meta name=\"twitter:data1\" content=\"1\u00a0Minute\" \/>\n<script type=\"application\/ld+json\" class=\"yoast-schema-graph\">{\"@context\":\"https:\\\/\\\/schema.org\",\"@graph\":[{\"@type\":\"WebPage\",\"@id\":\"https:\\\/\\\/www.klkoleo.com\\\/de\\\/corporate-responsibility\\\/\",\"url\":\"https:\\\/\\\/www.klkoleo.com\\\/de\\\/corporate-responsibility\\\/\",\"name\":\"Unternehmensverantwortung - KLK OLEO\",\"isPartOf\":{\"@id\":\"https:\\\/\\\/www.klkoleo.com\\\/de\\\/#website\"},\"primaryImageOfPage\":{\"@id\":\"https:\\\/\\\/www.klkoleo.com\\\/de\\\/corporate-responsibility\\\/#primaryimage\"},\"image\":{\"@id\":\"https:\\\/\\\/www.klkoleo.com\\\/de\\\/corporate-responsibility\\\/#primaryimage\"},\"thumbnailUrl\":\"https:\\\/\\\/www.klkoleo.com\\\/wp-content\\\/uploads\\\/2025\\\/07\\\/About-Us-4.png\",\"datePublished\":\"2022-02-15T03:48:54+00:00\",\"dateModified\":\"2022-02-16T02:54:20+00:00\",\"breadcrumb\":{\"@id\":\"https:\\\/\\\/www.klkoleo.com\\\/de\\\/corporate-responsibility\\\/#breadcrumb\"},\"inLanguage\":\"de\",\"potentialAction\":[{\"@type\":\"ReadAction\",\"target\":[\"https:\\\/\\\/www.klkoleo.com\\\/de\\\/corporate-responsibility\\\/\"]}]},{\"@type\":\"ImageObject\",\"inLanguage\":\"de\",\"@id\":\"https:\\\/\\\/www.klkoleo.com\\\/de\\\/corporate-responsibility\\\/#primaryimage\",\"url\":\"https:\\\/\\\/www.klkoleo.com\\\/wp-content\\\/uploads\\\/2025\\\/07\\\/About-Us-4.png\",\"contentUrl\":\"https:\\\/\\\/www.klkoleo.com\\\/wp-content\\\/uploads\\\/2025\\\/07\\\/About-Us-4.png\",\"width\":1920,\"height\":250,\"caption\":\"KLK OLEO MKLK Top Banner\"},{\"@type\":\"BreadcrumbList\",\"@id\":\"https:\\\/\\\/www.klkoleo.com\\\/de\\\/corporate-responsibility\\\/#breadcrumb\",\"itemListElement\":[{\"@type\":\"ListItem\",\"position\":1,\"name\":\"Home\",\"item\":\"https:\\\/\\\/www.klkoleo.com\\\/de\\\/\"},{\"@type\":\"ListItem\",\"position\":2,\"name\":\"Unternehmensverantwortung\"}]},{\"@type\":\"WebSite\",\"@id\":\"https:\\\/\\\/www.klkoleo.com\\\/de\\\/#website\",\"url\":\"https:\\\/\\\/www.klkoleo.com\\\/de\\\/\",\"name\":\"KLK OLEO\",\"description\":\"Everyday Convenient to Global Solutions\",\"potentialAction\":[{\"@type\":\"SearchAction\",\"target\":{\"@type\":\"EntryPoint\",\"urlTemplate\":\"https:\\\/\\\/www.klkoleo.com\\\/de\\\/?s={search_term_string}\"},\"query-input\":{\"@type\":\"PropertyValueSpecification\",\"valueRequired\":true,\"valueName\":\"search_term_string\"}}],\"inLanguage\":\"de\"}]}<\/script>\n<!-- \/ Yoast SEO plugin. -->","yoast_head_json":{"title":"Unternehmensverantwortung - KLK OLEO","robots":{"index":"index","follow":"follow","max-snippet":"max-snippet:-1","max-image-preview":"max-image-preview:large","max-video-preview":"max-video-preview:-1"},"canonical":"https:\/\/www.klkoleo.com\/de\/corporate-responsibility\/","og_locale":"de_DE","og_type":"article","og_title":"Unternehmensverantwortung - KLK OLEO","og_url":"https:\/\/www.klkoleo.com\/de\/corporate-responsibility\/","og_site_name":"KLK OLEO","article_modified_time":"2022-02-16T02:54:20+00:00","og_image":[{"width":1920,"height":250,"url":"https:\/\/www.klkoleo.com\/wp-content\/uploads\/2020\/04\/banner01.jpg","type":"image\/jpeg"}],"twitter_card":"summary_large_image","twitter_misc":{"Gesch\u00e4tzte Lesezeit":"1\u00a0Minute"},"schema":{"@context":"https:\/\/schema.org","@graph":[{"@type":"WebPage","@id":"https:\/\/www.klkoleo.com\/de\/corporate-responsibility\/","url":"https:\/\/www.klkoleo.com\/de\/corporate-responsibility\/","name":"Unternehmensverantwortung - KLK OLEO","isPartOf":{"@id":"https:\/\/www.klkoleo.com\/de\/#website"},"primaryImageOfPage":{"@id":"https:\/\/www.klkoleo.com\/de\/corporate-responsibility\/#primaryimage"},"image":{"@id":"https:\/\/www.klkoleo.com\/de\/corporate-responsibility\/#primaryimage"},"thumbnailUrl":"https:\/\/www.klkoleo.com\/wp-content\/uploads\/2025\/07\/About-Us-4.png","datePublished":"2022-02-15T03:48:54+00:00","dateModified":"2022-02-16T02:54:20+00:00","breadcrumb":{"@id":"https:\/\/www.klkoleo.com\/de\/corporate-responsibility\/#breadcrumb"},"inLanguage":"de","potentialAction":[{"@type":"ReadAction","target":["https:\/\/www.klkoleo.com\/de\/corporate-responsibility\/"]}]},{"@type":"ImageObject","inLanguage":"de","@id":"https:\/\/www.klkoleo.com\/de\/corporate-responsibility\/#primaryimage","url":"https:\/\/www.klkoleo.com\/wp-content\/uploads\/2025\/07\/About-Us-4.png","contentUrl":"https:\/\/www.klkoleo.com\/wp-content\/uploads\/2025\/07\/About-Us-4.png","width":1920,"height":250,"caption":"KLK OLEO MKLK Top Banner"},{"@type":"BreadcrumbList","@id":"https:\/\/www.klkoleo.com\/de\/corporate-responsibility\/#breadcrumb","itemListElement":[{"@type":"ListItem","position":1,"name":"Home","item":"https:\/\/www.klkoleo.com\/de\/"},{"@type":"ListItem","position":2,"name":"Unternehmensverantwortung"}]},{"@type":"WebSite","@id":"https:\/\/www.klkoleo.com\/de\/#website","url":"https:\/\/www.klkoleo.com\/de\/","name":"KLK OLEO","description":"Everyday Convenient to Global Solutions","potentialAction":[{"@type":"SearchAction","target":{"@type":"EntryPoint","urlTemplate":"https:\/\/www.klkoleo.com\/de\/?s={search_term_string}"},"query-input":{"@type":"PropertyValueSpecification","valueRequired":true,"valueName":"search_term_string"}}],"inLanguage":"de"}]}},"_links":{"self":[{"href":"https:\/\/www.klkoleo.com\/de\/wp-json\/wp\/v2\/pages\/4735","targetHints":{"allow":["GET"]}}],"collection":[{"href":"https:\/\/www.klkoleo.com\/de\/wp-json\/wp\/v2\/pages"}],"about":[{"href":"https:\/\/www.klkoleo.com\/de\/wp-json\/wp\/v2\/types\/page"}],"author":[{"embeddable":true,"href":"https:\/\/www.klkoleo.com\/de\/wp-json\/wp\/v2\/users\/1"}],"replies":[{"embeddable":true,"href":"https:\/\/www.klkoleo.com\/de\/wp-json\/wp\/v2\/comments?post=4735"}],"version-history":[{"count":0,"href":"https:\/\/www.klkoleo.com\/de\/wp-json\/wp\/v2\/pages\/4735\/revisions"}],"wp:featuredmedia":[{"embeddable":true,"href":"https:\/\/www.klkoleo.com\/de\/wp-json\/wp\/v2\/media\/11161"}],"wp:attachment":[{"href":"https:\/\/www.klkoleo.com\/de\/wp-json\/wp\/v2\/media?parent=4735"}],"curies":[{"name":"wp","href":"https:\/\/api.w.org\/{rel}","templated":true}]}}