{"id":4744,"date":"2022-02-15T11:58:31","date_gmt":"2022-02-15T03:58:31","guid":{"rendered":"https:\/\/klk.dev1.malaysiaweb.my\/?page_id=4744"},"modified":"2025-03-25T17:21:38","modified_gmt":"2025-03-25T09:21:38","slug":"careers","status":"publish","type":"page","link":"https:\/\/www.klkoleo.com\/de\/careers\/","title":{"rendered":"Karriere"},"content":{"rendered":"<section class=\"career-section-1 nvp100\">\n<div class=\"container\">\n<div class=\"row nrow-1\">\n<div class=\"col-md-12 ncol ncol-1\">\n<div class=\"nbox contain-wrapper\">\n<p style=\"text-align: right;\"><a href=\"https:\/\/www.klkoleo.com\/de\/careers\/\"><strong>ENGLISH<\/strong><\/a> | <a href=\"https:\/\/www.klkoleo.com\/karier\/\"><strong>BAHASA INDONESIA<\/strong><\/a><\/p>\n<h3 class=\"pattern\">Entdecken Sie Ihr Potenzial mit <label>KLK OLEO<\/label><\/h3>\n<\/div>\n<\/div>\n<\/div>\n<div class=\"row nrow-2\">\n<div class=\"col-md-6 ncol ncol-1\">\n<div class=\"nbox contain-wrapper\">\n<p>KLK OLEO ist in 9 verschiedenen L\u00e4ndern weltweit mit einer Belegschaft von mehr als 3.000 Mitarbeitern vertreten. W\u00e4hrend wir unser Gesch\u00e4ft weiter ausbauen, sind wir \u00fcberzeugt davon, dass die Mitarbeiter f\u00fcr unsere langfristige Nachhaltigkeit und unser Wachstum von gr\u00f6\u00dfter Bedeutung sind; daher suchen wir kontinuierlich nach Talenten, die Teil unserer bestehenden Belegschaft werden m\u00f6chten.<\/p>\n<p>Eine Karriere bei KLK OLEO bedeutet, dass Sie Teil von etwas ganz Besonderem werden. Mit der Vision und den Werten des Unternehmens erf\u00fcllen unsere Mitarbeiter unsere Mission, das Leben Vieler zu verbessern und solidere, effektivere Gesch\u00e4ftsergebnisse zu erzielen. Durch unseren Mitarbeiterentwicklungs- und Kompetenzrahmen geben wir unseren Mitarbeitern das Werkzeug f\u00fcr ihr Wachstumspotenzial an die Hand und dadurch auch den Unternehmensplan zu unterst\u00fctzen.<\/p>\n<p>Wir suchen Talente mit Leidenschaft, Energie, Enthusiasmus; und noch wichtiger, ausgerichtet auf unsere Grundwerte Zusammenarbeit, Bescheidenheit, Ergebnisse, Integrit\u00e4t, Innovatives Denken und Loyalit\u00e4t. Kommen Sie zu uns, werden Sie Teil unseres Teams und wir werden Ihr volles Potenzial entfalten.<\/p>\n<hr \/>\n<p>Suchen Sie nach Ihren Chancen bei KLK OLEO via:<br \/>\n<div class=\"su-list\" style=\"margin-left:0px\">\n<ul>\n<li><i class=\"sui sui-caret-right\" style=\"color:#fff\"><\/i> <a href=\"https:\/\/www.linkedin.com\/company\/klkberhad\" target=\"_blank\" rel=\"noopener noreferrer\">LinkedIn<\/a><\/li>\n<li><i class=\"sui sui-caret-right\" style=\"color:#fff\"><\/i> <a href=\"mailto:talents@klkoleo.com\">talents@klkoleo.com<\/a><\/li>\n<\/ul>\n<\/div>\n<\/div>\n<\/div>\n<div class=\"col-md-6 ncol ncol-2\">\n<div class=\"nbox img-wrapper\"><img fetchpriority=\"high\" decoding=\"async\" class=\"alignnone size-full wp-image-4751\" src=\"https:\/\/www.klkoleo.com\/wp-content\/uploads\/2022\/02\/2021-11-19-frame-work-german-01-1.png\" alt=\"\" width=\"1180\" height=\"1200\" srcset=\"https:\/\/www.klkoleo.com\/wp-content\/uploads\/2022\/02\/2021-11-19-frame-work-german-01-1.png 1180w, https:\/\/www.klkoleo.com\/wp-content\/uploads\/2022\/02\/2021-11-19-frame-work-german-01-1-295x300.png 295w, https:\/\/www.klkoleo.com\/wp-content\/uploads\/2022\/02\/2021-11-19-frame-work-german-01-1-1007x1024.png 1007w, https:\/\/www.klkoleo.com\/wp-content\/uploads\/2022\/02\/2021-11-19-frame-work-german-01-1-768x781.png 768w, https:\/\/www.klkoleo.com\/wp-content\/uploads\/2022\/02\/2021-11-19-frame-work-german-01-1-600x610.png 600w\" sizes=\"(max-width: 1180px) 100vw, 1180px\" \/><\/div>\n<\/div>\n<\/div>\n<\/div>\n<\/section>\n","protected":false},"excerpt":{"rendered":"","protected":false},"author":1,"featured_media":0,"parent":0,"menu_order":0,"comment_status":"closed","ping_status":"closed","template":"page-fullwidth.php","meta":{"footnotes":""},"class_list":["post-4744","page","type-page","status-publish","hentry"],"yoast_head":"<!-- This site is optimized with the Yoast SEO plugin v27.6 - https:\/\/yoast.com\/product\/yoast-seo-wordpress\/ -->\n<title>Karriere - KLK OLEO<\/title>\n<meta name=\"robots\" content=\"index, follow, max-snippet:-1, max-image-preview:large, max-video-preview:-1\" \/>\n<link rel=\"canonical\" href=\"https:\/\/www.klkoleo.com\/de\/careers\/\" \/>\n<meta property=\"og:locale\" content=\"de_DE\" \/>\n<meta property=\"og:type\" content=\"article\" \/>\n<meta property=\"og:title\" content=\"Karriere - KLK OLEO\" \/>\n<meta property=\"og:url\" content=\"https:\/\/www.klkoleo.com\/de\/careers\/\" \/>\n<meta property=\"og:site_name\" content=\"KLK OLEO\" \/>\n<meta property=\"article:modified_time\" content=\"2025-03-25T09:21:38+00:00\" \/>\n<meta property=\"og:image\" content=\"https:\/\/www.klkoleo.com\/wp-content\/uploads\/2020\/04\/banner01.jpg\" \/>\n\t<meta property=\"og:image:width\" content=\"1920\" \/>\n\t<meta property=\"og:image:height\" content=\"250\" \/>\n\t<meta property=\"og:image:type\" content=\"image\/jpeg\" \/>\n<meta name=\"twitter:card\" content=\"summary_large_image\" \/>\n<meta name=\"twitter:label1\" content=\"Gesch\u00e4tzte Lesezeit\" \/>\n\t<meta name=\"twitter:data1\" content=\"2\u00a0Minuten\" \/>\n<script type=\"application\/ld+json\" class=\"yoast-schema-graph\">{\"@context\":\"https:\\\/\\\/schema.org\",\"@graph\":[{\"@type\":\"WebPage\",\"@id\":\"https:\\\/\\\/www.klkoleo.com\\\/de\\\/careers\\\/\",\"url\":\"https:\\\/\\\/www.klkoleo.com\\\/de\\\/careers\\\/\",\"name\":\"Karriere - KLK OLEO\",\"isPartOf\":{\"@id\":\"https:\\\/\\\/www.klkoleo.com\\\/de\\\/#website\"},\"primaryImageOfPage\":{\"@id\":\"https:\\\/\\\/www.klkoleo.com\\\/de\\\/careers\\\/#primaryimage\"},\"image\":{\"@id\":\"https:\\\/\\\/www.klkoleo.com\\\/de\\\/careers\\\/#primaryimage\"},\"thumbnailUrl\":\"https:\\\/\\\/www.klkoleo.com\\\/wp-content\\\/uploads\\\/2022\\\/02\\\/2021-11-19-frame-work-german-01-1.png\",\"datePublished\":\"2022-02-15T03:58:31+00:00\",\"dateModified\":\"2025-03-25T09:21:38+00:00\",\"breadcrumb\":{\"@id\":\"https:\\\/\\\/www.klkoleo.com\\\/de\\\/careers\\\/#breadcrumb\"},\"inLanguage\":\"de\",\"potentialAction\":[{\"@type\":\"ReadAction\",\"target\":[\"https:\\\/\\\/www.klkoleo.com\\\/de\\\/careers\\\/\"]}]},{\"@type\":\"ImageObject\",\"inLanguage\":\"de\",\"@id\":\"https:\\\/\\\/www.klkoleo.com\\\/de\\\/careers\\\/#primaryimage\",\"url\":\"https:\\\/\\\/www.klkoleo.com\\\/wp-content\\\/uploads\\\/2022\\\/02\\\/2021-11-19-frame-work-german-01-1.png\",\"contentUrl\":\"https:\\\/\\\/www.klkoleo.com\\\/wp-content\\\/uploads\\\/2022\\\/02\\\/2021-11-19-frame-work-german-01-1.png\"},{\"@type\":\"BreadcrumbList\",\"@id\":\"https:\\\/\\\/www.klkoleo.com\\\/de\\\/careers\\\/#breadcrumb\",\"itemListElement\":[{\"@type\":\"ListItem\",\"position\":1,\"name\":\"Home\",\"item\":\"https:\\\/\\\/www.klkoleo.com\\\/de\\\/\"},{\"@type\":\"ListItem\",\"position\":2,\"name\":\"Karriere\"}]},{\"@type\":\"WebSite\",\"@id\":\"https:\\\/\\\/www.klkoleo.com\\\/de\\\/#website\",\"url\":\"https:\\\/\\\/www.klkoleo.com\\\/de\\\/\",\"name\":\"KLK OLEO\",\"description\":\"Everyday Convenient to Global Solutions\",\"potentialAction\":[{\"@type\":\"SearchAction\",\"target\":{\"@type\":\"EntryPoint\",\"urlTemplate\":\"https:\\\/\\\/www.klkoleo.com\\\/de\\\/?s={search_term_string}\"},\"query-input\":{\"@type\":\"PropertyValueSpecification\",\"valueRequired\":true,\"valueName\":\"search_term_string\"}}],\"inLanguage\":\"de\"}]}<\/script>\n<!-- \/ Yoast SEO plugin. -->","yoast_head_json":{"title":"Karriere - KLK OLEO","robots":{"index":"index","follow":"follow","max-snippet":"max-snippet:-1","max-image-preview":"max-image-preview:large","max-video-preview":"max-video-preview:-1"},"canonical":"https:\/\/www.klkoleo.com\/de\/careers\/","og_locale":"de_DE","og_type":"article","og_title":"Karriere - KLK OLEO","og_url":"https:\/\/www.klkoleo.com\/de\/careers\/","og_site_name":"KLK OLEO","article_modified_time":"2025-03-25T09:21:38+00:00","og_image":[{"width":1920,"height":250,"url":"https:\/\/www.klkoleo.com\/wp-content\/uploads\/2020\/04\/banner01.jpg","type":"image\/jpeg"}],"twitter_card":"summary_large_image","twitter_misc":{"Gesch\u00e4tzte Lesezeit":"2\u00a0Minuten"},"schema":{"@context":"https:\/\/schema.org","@graph":[{"@type":"WebPage","@id":"https:\/\/www.klkoleo.com\/de\/careers\/","url":"https:\/\/www.klkoleo.com\/de\/careers\/","name":"Karriere - KLK OLEO","isPartOf":{"@id":"https:\/\/www.klkoleo.com\/de\/#website"},"primaryImageOfPage":{"@id":"https:\/\/www.klkoleo.com\/de\/careers\/#primaryimage"},"image":{"@id":"https:\/\/www.klkoleo.com\/de\/careers\/#primaryimage"},"thumbnailUrl":"https:\/\/www.klkoleo.com\/wp-content\/uploads\/2022\/02\/2021-11-19-frame-work-german-01-1.png","datePublished":"2022-02-15T03:58:31+00:00","dateModified":"2025-03-25T09:21:38+00:00","breadcrumb":{"@id":"https:\/\/www.klkoleo.com\/de\/careers\/#breadcrumb"},"inLanguage":"de","potentialAction":[{"@type":"ReadAction","target":["https:\/\/www.klkoleo.com\/de\/careers\/"]}]},{"@type":"ImageObject","inLanguage":"de","@id":"https:\/\/www.klkoleo.com\/de\/careers\/#primaryimage","url":"https:\/\/www.klkoleo.com\/wp-content\/uploads\/2022\/02\/2021-11-19-frame-work-german-01-1.png","contentUrl":"https:\/\/www.klkoleo.com\/wp-content\/uploads\/2022\/02\/2021-11-19-frame-work-german-01-1.png"},{"@type":"BreadcrumbList","@id":"https:\/\/www.klkoleo.com\/de\/careers\/#breadcrumb","itemListElement":[{"@type":"ListItem","position":1,"name":"Home","item":"https:\/\/www.klkoleo.com\/de\/"},{"@type":"ListItem","position":2,"name":"Karriere"}]},{"@type":"WebSite","@id":"https:\/\/www.klkoleo.com\/de\/#website","url":"https:\/\/www.klkoleo.com\/de\/","name":"KLK OLEO","description":"Everyday Convenient to Global Solutions","potentialAction":[{"@type":"SearchAction","target":{"@type":"EntryPoint","urlTemplate":"https:\/\/www.klkoleo.com\/de\/?s={search_term_string}"},"query-input":{"@type":"PropertyValueSpecification","valueRequired":true,"valueName":"search_term_string"}}],"inLanguage":"de"}]}},"_links":{"self":[{"href":"https:\/\/www.klkoleo.com\/de\/wp-json\/wp\/v2\/pages\/4744","targetHints":{"allow":["GET"]}}],"collection":[{"href":"https:\/\/www.klkoleo.com\/de\/wp-json\/wp\/v2\/pages"}],"about":[{"href":"https:\/\/www.klkoleo.com\/de\/wp-json\/wp\/v2\/types\/page"}],"author":[{"embeddable":true,"href":"https:\/\/www.klkoleo.com\/de\/wp-json\/wp\/v2\/users\/1"}],"replies":[{"embeddable":true,"href":"https:\/\/www.klkoleo.com\/de\/wp-json\/wp\/v2\/comments?post=4744"}],"version-history":[{"count":0,"href":"https:\/\/www.klkoleo.com\/de\/wp-json\/wp\/v2\/pages\/4744\/revisions"}],"wp:attachment":[{"href":"https:\/\/www.klkoleo.com\/de\/wp-json\/wp\/v2\/media?parent=4744"}],"curies":[{"name":"wp","href":"https:\/\/api.w.org\/{rel}","templated":true}]}}