{"id":289,"date":"2018-01-24T18:43:29","date_gmt":"2018-01-24T10:43:29","guid":{"rendered":"http:\/\/klkoleo.com\/klkemmerich\/?page_id=289"},"modified":"2021-10-04T15:16:36","modified_gmt":"2021-10-04T07:16:36","slug":"education","status":"publish","type":"page","link":"https:\/\/www.klkoleo.com\/klkemmerich\/de\/career\/education\/","title":{"rendered":"Ausbildung"},"content":{"rendered":"<p>Als verl\u00e4sslicher und moderner Arbeitgeber liegt dem Unternehmen besonders viel an einer qualifizierten Ausbildung. Sie wird als eine Investition in die Zukunft verstanden und gelebt. F\u00fcr die KLK EMMERICH GmbH gilt grunds\u00e4tzlich \u2013 <em>Heute Azubi, morgen qualifizierte Fachkraft. <\/em><\/p>\n<p>Auch die Ausbildungsverg\u00fctung bietet unseren Auszubildenden von Anfang an ein vergleichsweise hohes Arbeitsentgelt, was zum gro\u00dfen Schritt in die Selbstst\u00e4ndigkeit erheblichen Anteil nehmen kann. Der Urlaubsanspruch betr\u00e4gt \u00fcber den gesamten Ausbildungszeitraum 30 Tage pro Jahr.<\/p>\n<p>\u00dcber unsere sechs Ausbildungsberufe beraten und informieren wir die Talente von morgen auch auf s\u00e4mtlichen Ausbildungsplatz- und Jobb\u00f6rsen in der n\u00e4heren Umgebung von Emmerich am Rhein. Informationen zu den Veranstaltungen k\u00f6nnen in der Regel der lokalen Presse entnommen werden. Kommen Sie uns bei n\u00e4chster Gelegenheit doch gerne einmal besuchen und starten vielleicht demn\u00e4chst selber gemeinsam mit uns durch!<\/p>\n<div class=\"su-divider su-divider-style-dotted\" style=\"margin:15px 0;border-width:1px;border-color:#ccc\"><\/div>\n<h3>Erfahren Sie hier mehr zu den unterschiedlichen Ausbildungsberufen!<\/h3>\n<div class=\"su-accordion su-u-trim\">\n<div class=\"su-spoiler su-spoiler-style-default su-spoiler-icon-plus job su-spoiler-closed\" data-scroll-offset=\"0\" data-anchor-in-url=\"no\"><div class=\"su-spoiler-title\" tabindex=\"0\" role=\"button\"><span class=\"su-spoiler-icon\"><\/span>CHEMIELABORANT<\/div><div class=\"su-spoiler-content su-u-clearfix su-u-trim\">\n<p>Als Chemielaborant\/in bei der KLK EMMERICH GmbH sind Sie f\u00fcr die Analyse verschiedenster oleochemischer Produkte zust\u00e4ndig. In den Analytiklaboratorien sind Sie mit st\u00e4ndigen Pr\u00fcfungen unserer Produkte und ihrer Roh- und Hilfsstoffe besch\u00e4ftigt. Dazu geh\u00f6ren die Vorbereitung und Durchf\u00fchrung physikalischer und chemischer Experimente sowie die Bedienung technischer Apparaturen und Ger\u00e4te.<\/p>\n<p>Die Umsetzung von Produktionsverfahren auf Laborma\u00dfstab geh\u00f6rt ebenso zum Berufsbild wie die Kooperation und Kommunikation mit internen Kontakten. Ein hohes Verantwortungsbewusstsein in Hinsicht auf den Umweltschutz und die Arbeitssicherheit ist eine der Anforderungen an Sie und ein wichtiger Beitrag in unserem Unternehmen.<\/p>\n<p>In einem Chemielabor zu arbeiten bedeutet:<\/p>\n<ul>\n<li>chemische und physikalisch-chemische Laboruntersuchungen und Versuchsreihen durchf\u00fchren<\/li>\n<li>L\u00f6sungen herstellen<\/li>\n<li>chemische Mess- und Umwandlungsverfahren sowie chemische Berechnungen durchf\u00fchren<\/li>\n<li>chemisch-technische Apparaturen und Laborger\u00e4te bedienen und \u00fcberwachen<\/li>\n<li>Wartung und Instandhaltung von Apparaturen und Laborger\u00e4ten<\/li>\n<li>hohes Verantwortungsbewusstsein<\/li>\n<li>exakte Dokumentation der Arbeitsschritte und der Ergebnisse mittels PC<\/li>\n<\/ul>\n<p>Nach mehrj\u00e4hriger T\u00e4tigkeit als Chemielaborant\/in k\u00f6nnen Sie z.B. folgende zus\u00e4tzliche Ausbildungen absolvieren:<\/p>\n<ul>\n<li>staatlich gepr\u00fcfte\/r Chemotechniker\/in<\/li>\n<li>staatlich gepr\u00fcfte\/r Umwelttechniker\/in<\/li>\n<li>FH-Studium (weitere Zugangsvoraussetzungen erforderlich)<\/li>\n<\/ul>\n<\/div><\/div>\n<div class=\"su-spoiler su-spoiler-style-default su-spoiler-icon-plus job su-spoiler-closed\" data-scroll-offset=\"0\" data-anchor-in-url=\"no\"><div class=\"su-spoiler-title\" tabindex=\"0\" role=\"button\"><span class=\"su-spoiler-icon\"><\/span>CHEMIKANT<\/div><div class=\"su-spoiler-content su-u-clearfix su-u-trim\">\n<p>Chemikantinnen und Chemikanten bei der KLK EMMERICH GmbH haben Freude an chemischen Prozessen und Spa\u00df an technischen Abl\u00e4ufen. Als ausgebildete\/r Chemikant\/in sind Sie in der chemischen Produktion zust\u00e4ndig f\u00fcr die:<\/p>\n<ul>\n<li>Herstellung, Entwicklung und Prozesskontrolle unserer oleochemischen Produkte<\/li>\n<li>Wartung und Instandhaltung der Produktionsanlagen<\/li>\n<li>\u00dcberwachung der computergesteuerten Produktion<\/li>\n<li>Durchf\u00fchrung von Ma\u00dfnahmen zur Qualit\u00e4tssicherung und zum Umweltschutz<\/li>\n<li>Einhaltung und Anwendung von Bestimmungen zur Arbeitssicherheit<\/li>\n<\/ul>\n<p>Bei uns gelten generell gute \u00dcbernahmechancen nach erfolgreich abgeschlossener Ausbildung. Nach mehrj\u00e4hriger T\u00e4tigkeit besteht die M\u00f6glichkeit, z.B. eine der folgenden zus\u00e4tzlichen Ausbildungen zu absolvieren:<\/p>\n<ul>\n<li>Industriemeister\/in (Fachrichtung Chemie)<\/li>\n<li>Staatlich gepr\u00fcfte\/r Techniker\/in (Fachrichtung Chemietechnik\/ Betriebstechnik)<\/li>\n<li>FH-Studium (weitere Zugangsvoraussetzungen erforderlich)<\/li>\n<\/ul>\n<\/div><\/div>\n<div class=\"su-spoiler su-spoiler-style-default su-spoiler-icon-plus job su-spoiler-closed\" data-scroll-offset=\"0\" data-anchor-in-url=\"no\"><div class=\"su-spoiler-title\" tabindex=\"0\" role=\"button\"><span class=\"su-spoiler-icon\"><\/span>ELEKTRONIKER F\u00dcR BETRIEBSTECHNIK<\/div><div class=\"su-spoiler-content su-u-clearfix su-u-trim\">\n<p>Elektronikerinnen und Elektroniker bei der KLK EMMERICH GmbH haben Interesse an Technik und Freude an einer Arbeit im industriellen Umfeld. Als ausgebildete\/r Elektroniker\/in sind Sie in unserer chemischen Produktion zust\u00e4ndig f\u00fcr die:<\/p>\n<ul>\n<li>Installation, Wartung und Reparatur der elektrischen Produktions-, Betriebs- und Verfahrensanlagen<\/li>\n<li>Einrichtung von elektrischen und programmierbaren Steuerungssystemen<\/li>\n<li>Durchf\u00fchrung von Ma\u00dfnahmen zur Qualit\u00e4tssicherung und zum Umweltschutz<\/li>\n<li>Einhaltung und Anwendung von Bestimmungen zur Arbeitssicherheit<\/li>\n<\/ul>\n<p>Ihre Ausbildung bei der KLK EMMERICH GmbH dauert dreieinhalb Jahre, in denen Sie alle technischen Bereiche unseres Unternehmens durchlaufen. Sie lernen hierbei viel \u00fcber unsere Steuerungssysteme, Schaltpl\u00e4ne, Elektrizit\u00e4tsverteilung, Antriebe und Produktionsanlagen. Einige Ausbildungsinhalte werden bei unseren Kooperationspartnern vermittelt.<\/p>\n<p>Bei uns gelten generell gute \u00dcbernahmechancen nach erfolgreich abgeschlossener Ausbildung. Nach mehrj\u00e4hriger T\u00e4tigkeit besteht die M\u00f6glichkeit, z.B. eine der folgenden zus\u00e4tzlichen Ausbildungen zu absolvieren:<\/p>\n<ul>\n<li>Industriemeister\/in<\/li>\n<li>Staatlich gepr\u00fcfte\/r Techniker\/in<\/li>\n<li>Handwerksmeister\/in<\/li>\n<li>FH-Studium (weitere Zugangsvoraussetzungen erforderlich)<\/li>\n<\/ul>\n<\/div><\/div>\n<div class=\"su-spoiler su-spoiler-style-default su-spoiler-icon-plus job su-spoiler-closed\" data-scroll-offset=\"0\" data-anchor-in-url=\"no\"><div class=\"su-spoiler-title\" tabindex=\"0\" role=\"button\"><span class=\"su-spoiler-icon\"><\/span>INDUSTRIEMECHANIKER<\/div><div class=\"su-spoiler-content su-u-clearfix su-u-trim\">\n<p>Industriemechanikerinnen und Industriemechaniker bei der KLK EMMERICH GmbH haben Interesse an Technik und Freude an einer Arbeit im industriellen Umfeld. Als ausgebildete\/r Industriemechaniker\/in sind Sie in unserer chemischen Produktion zust\u00e4ndig f\u00fcr die:<\/p>\n<ul>\n<li>Wartung und Instandhaltung der Produktionsanlagen<\/li>\n<li>Durchf\u00fchrung von Montage- und Pr\u00fcfarbeiten<\/li>\n<li>Durchf\u00fchrung von Ma\u00dfnahmen zur Qualit\u00e4tssicherung und zum Umweltschutz<\/li>\n<li>Einhaltung und Anwendung von Bestimmungen zur Arbeitssicherheit<\/li>\n<\/ul>\n<p>Ihre Ausbildung bei der KLK EMMERICH GmbH dauert dreieinhalb Jahre. Hier werden Sie alle technischen Bereiche unseres Unternehmens durchlaufen. Sie lernen hierbei viel \u00fcber\u00a0\u00a0 Blechverarbeitung, Zerspannung, Schwei\u00dftechnik, Instandhaltung von Pumpen, Getrieben und Produktionsanlagen.<\/p>\n<p>Die Grundausbildung und die Vorbereitung zur Abschlusspr\u00fcfung Teil 1 &#038; 2 werden bei unseren Kooperationspartnern vermittelt.<\/p>\n<p>Bei uns gelten generell gute \u00dcbernahmechancen nach erfolgreich abgeschlossener Ausbildung. Nach mehrj\u00e4hriger T\u00e4tigkeit besteht die M\u00f6glichkeit, z.B. eine der folgenden zus\u00e4tzlichen Ausbildungen zu absolvieren:<\/p>\n<ul>\n<li>Industriemeister\/in<\/li>\n<li>Staatlich gepr\u00fcfte\/r Techniker\/in<\/li>\n<li>Handwerksmeister\/in<\/li>\n<li>Schwei\u00dffachmann\/-fachfrau<\/li>\n<li>FH-Studium (weitere Zugangsvoraussetzungen erforderlich)<\/li>\n<\/ul>\n<\/div><\/div>\n<div class=\"su-spoiler su-spoiler-style-default su-spoiler-icon-plus job su-spoiler-closed\" data-scroll-offset=\"0\" data-anchor-in-url=\"no\"><div class=\"su-spoiler-title\" tabindex=\"0\" role=\"button\"><span class=\"su-spoiler-icon\"><\/span>INDUSTRIEKAUFLEUTE<\/div><div class=\"su-spoiler-content su-u-clearfix su-u-trim\">\n<p>Industriekaufleute bei der KLK EMMERICH GmbH zeigen Interesse an s\u00e4mtlichen kaufm\u00e4nnischen T\u00e4tigkeiten und Abl\u00e4ufen. Sie besch\u00e4ftigen sich mit betriebswirtschaftlichen Aufgabenbereichen wie Materialwirtschaft, Vertrieb und Marketing, Personal- sowie Finanz- und Rechnungswesen.<br \/>\nBei der KLK EMMERICH GmbH legen wir Wert darauf, dass die kaufm\u00e4nnischen Auszubildenden vom ersten Tag an in die Arbeiten der einzelnen Bereiche eingebunden werden. Somit k\u00f6nnen die Ausbildungsinhalte aktiv erlernt und praxisnah angewandt werden.<\/p>\n<p>Zudem wird eine Verk\u00fcrzung der Ausbildungszeit von 3 auf 2,5 Jahre voll unterst\u00fctzt. Als Anforderung f\u00fcr die Ausbildung zum\/zur Industriekaufmann\/-frau\u00a0setzen wir die Fachhochschulreife als Bildungsabschluss voraus.<\/p>\n<p>Nach abgeschlossener Berufsausbildung k\u00f6nnen Industriekaufleute vielseitig eingesetzt werden, wodurch sich ein breites Spektrum an M\u00f6glichkeiten zur sp\u00e4teren Spezialisierung der eigenen Interessen ergibt. Dadurch k\u00f6nnen sich im Laufe der Karriere viele Weiterbildungs- und Aufstiegschancen bieten, auch ohne ein vorhergehendes Studium.<\/p>\n<\/div><\/div>\n<div class=\"su-spoiler su-spoiler-style-default su-spoiler-icon-plus job su-spoiler-closed\" data-scroll-offset=\"0\" data-anchor-in-url=\"no\"><div class=\"su-spoiler-title\" tabindex=\"0\" role=\"button\"><span class=\"su-spoiler-icon\"><\/span>FACHINFORMATIKER F\u00dcR SYSTEMINTEGRATION<\/div><div class=\"su-spoiler-content su-u-clearfix su-u-trim\">\n<p>Fachinformatiker\/innen mit der Fachrichtung Systemintegration bei der KLK EMMERICH GmbH haben gro\u00dfes Interesse und Freude am Umgang mit moderner Kommunikationstechnik. Sie planen und konfigurieren IT-Systeme. Des Weiteren beheben sie St\u00f6rungen und Fehler systematisch unter Einsatz moderner Experten und Diagnosesysteme.<\/p>\n<p>Als ausgebildete\/r Fachinformatiker\/in f\u00fcr Systemintegration planen, installieren, warten und administrieren Sie Systeme sowie Netzwerke und setzen Ihre Kenntnisse im Bereich der Betriebssysteme, Rechnernetztechniken und Protokolle ein. Daneben schulen und beraten Sie die Benutzer.<\/p>\n<p>Zu den Arbeitsinhalten z\u00e4hlen unter anderem:<\/p>\n<ul>\n<li>Herstellen und Betreuen von Systeml\u00f6sungen<\/li>\n<li>Systemintegrationen<\/li>\n<li>Systementwicklungen<\/li>\n<\/ul>\n<p>In den letzten 9 Monaten Ihrer Ausbildung werden Sie als selbst\u00e4ndiger Sachbearbeiter eingesetzt. \u00dcber diese T\u00e4tigkeit erarbeiten Sie w\u00e4hrend dieser Zeit Ihre Projektarbeit, die als m\u00fcndliche Abschlusspr\u00fcfung vor der IHK pr\u00e4sentiert wird.<\/p>\n<p>Nach einer abgeschlossenen Berufsausbildung zum\/zur Fachinformatiker\/in f\u00fcr Systemintegration k\u00f6nnen Sie praktisch in allen Branchen eingesetzt werden. Viele Fachinformatiker\/innen gehen in die IT Abteilungen gr\u00f6\u00dferer Betriebe. Es besteht auch die M\u00f6glichkeit, z.B. eine der folgenden zus\u00e4tzlichen Ausbildungen zu absolvieren:<\/p>\n<ul>\n<li>Gepr\u00fcfte\/r Wirtschaftsinformatiker\/in<\/li>\n<li>Gepr\u00fcfte\/r IT-Berater\/in<\/li>\n<li>Gepr\u00fcfte\/r \u00d6konom\/in<\/li>\n<\/ul>\n<\/div><\/div>\n<\/div>\n","protected":false},"excerpt":{"rendered":"<p>Als verl\u00e4sslicher und moderner Arbeitgeber liegt dem Unternehmen besonders viel an einer qualifizierten Ausbildung. Sie wird als eine Investition in die Zukunft verstanden und gelebt. [&hellip;]<\/p>\n","protected":false},"author":1,"featured_media":303,"parent":13,"menu_order":0,"comment_status":"closed","ping_status":"closed","template":"","meta":{"_exactmetrics_skip_tracking":false,"_exactmetrics_sitenote_active":false,"_exactmetrics_sitenote_note":"","_exactmetrics_sitenote_category":0,"footnotes":""},"class_list":["post-289","page","type-page","status-publish","has-post-thumbnail","hentry"],"_links":{"self":[{"href":"https:\/\/www.klkoleo.com\/klkemmerich\/de\/wp-json\/wp\/v2\/pages\/289","targetHints":{"allow":["GET"]}}],"collection":[{"href":"https:\/\/www.klkoleo.com\/klkemmerich\/de\/wp-json\/wp\/v2\/pages"}],"about":[{"href":"https:\/\/www.klkoleo.com\/klkemmerich\/de\/wp-json\/wp\/v2\/types\/page"}],"author":[{"embeddable":true,"href":"https:\/\/www.klkoleo.com\/klkemmerich\/de\/wp-json\/wp\/v2\/users\/1"}],"replies":[{"embeddable":true,"href":"https:\/\/www.klkoleo.com\/klkemmerich\/de\/wp-json\/wp\/v2\/comments?post=289"}],"version-history":[{"count":0,"href":"https:\/\/www.klkoleo.com\/klkemmerich\/de\/wp-json\/wp\/v2\/pages\/289\/revisions"}],"up":[{"embeddable":true,"href":"https:\/\/www.klkoleo.com\/klkemmerich\/de\/wp-json\/wp\/v2\/pages\/13"}],"wp:featuredmedia":[{"embeddable":true,"href":"https:\/\/www.klkoleo.com\/klkemmerich\/de\/wp-json\/wp\/v2\/media\/303"}],"wp:attachment":[{"href":"https:\/\/www.klkoleo.com\/klkemmerich\/de\/wp-json\/wp\/v2\/media?parent=289"}],"curies":[{"name":"wp","href":"https:\/\/api.w.org\/{rel}","templated":true}]}}