{"id":299,"date":"2018-01-24T19:10:32","date_gmt":"2018-01-24T11:10:32","guid":{"rendered":"http:\/\/klkoleo.com\/klkemmerich\/?page_id=299"},"modified":"2026-03-02T21:14:44","modified_gmt":"2026-03-02T13:14:44","slug":"internship","status":"publish","type":"page","link":"https:\/\/www.klkoleo.com\/klkemmerich\/de\/career\/internship\/","title":{"rendered":"Praktikum"},"content":{"rendered":"<p>Sowohl Sch\u00fclerinnen und Sch\u00fcler als auch Studentinnen und Studenten sind als Praktikanten bei der KLK EMMERICH GmbH gerne willkommen. Wir bieten die M\u00f6glichkeit, schon vor dem Start in das Berufsleben einen Eindruck der unterschiedlichen T\u00e4tigkeitsfelder zu erlangen und helfen jungen Menschen gerne bei der beruflichen Orientierung. Sofern die betrieblichen Belange sowie die humanen Kapazit\u00e4ten es zulassen, stehen unsere Mitarbeiter den Talenten von morgen gerne zur Seite.<\/p>\n<p>In einer m\u00f6glichen Bewerbung sollten der gew\u00fcnschte Praktikumsbereich sowie der gew\u00fcnschte Zeitraum angegeben werden. Au\u00dferdem sollten ein Lebenslauf und das letzte Zeugnis als Anlage mitgesandt werden.<\/p>\n<a href=\"https:\/\/klk-emmerich-gmbh.jobs.personio.de\/job\/1113205?language=de&#038;display=de\" class=\"btn btn-default\" target=\"_blank\"><span class=\"Y2IQFc\" lang=\"en\">Bewerben Sie sich jetzt<\/span><\/a>\n","protected":false},"excerpt":{"rendered":"<p>Sowohl Sch\u00fclerinnen und Sch\u00fcler als auch Studentinnen und Studenten sind als Praktikanten bei der KLK EMMERICH GmbH gerne willkommen. Wir bieten die M\u00f6glichkeit, schon vor [&hellip;]<\/p>\n","protected":false},"author":1,"featured_media":302,"parent":13,"menu_order":0,"comment_status":"closed","ping_status":"closed","template":"","meta":{"_exactmetrics_skip_tracking":false,"_exactmetrics_sitenote_active":false,"_exactmetrics_sitenote_note":"","_exactmetrics_sitenote_category":0,"footnotes":""},"class_list":["post-299","page","type-page","status-publish","has-post-thumbnail","hentry"],"_links":{"self":[{"href":"https:\/\/www.klkoleo.com\/klkemmerich\/de\/wp-json\/wp\/v2\/pages\/299","targetHints":{"allow":["GET"]}}],"collection":[{"href":"https:\/\/www.klkoleo.com\/klkemmerich\/de\/wp-json\/wp\/v2\/pages"}],"about":[{"href":"https:\/\/www.klkoleo.com\/klkemmerich\/de\/wp-json\/wp\/v2\/types\/page"}],"author":[{"embeddable":true,"href":"https:\/\/www.klkoleo.com\/klkemmerich\/de\/wp-json\/wp\/v2\/users\/1"}],"replies":[{"embeddable":true,"href":"https:\/\/www.klkoleo.com\/klkemmerich\/de\/wp-json\/wp\/v2\/comments?post=299"}],"version-history":[{"count":0,"href":"https:\/\/www.klkoleo.com\/klkemmerich\/de\/wp-json\/wp\/v2\/pages\/299\/revisions"}],"up":[{"embeddable":true,"href":"https:\/\/www.klkoleo.com\/klkemmerich\/de\/wp-json\/wp\/v2\/pages\/13"}],"wp:featuredmedia":[{"embeddable":true,"href":"https:\/\/www.klkoleo.com\/klkemmerich\/de\/wp-json\/wp\/v2\/media\/302"}],"wp:attachment":[{"href":"https:\/\/www.klkoleo.com\/klkemmerich\/de\/wp-json\/wp\/v2\/media?parent=299"}],"curies":[{"name":"wp","href":"https:\/\/api.w.org\/{rel}","templated":true}]}}