{"id":322,"date":"2018-01-24T19:26:45","date_gmt":"2018-01-24T11:26:45","guid":{"rendered":"http:\/\/klkoleo.com\/klkemmerich\/?page_id=322"},"modified":"2025-02-27T18:41:46","modified_gmt":"2025-02-27T10:41:46","slug":"jobsapplication","status":"publish","type":"page","link":"https:\/\/www.klkoleo.com\/klkemmerich\/de\/career\/jobsapplication\/","title":{"rendered":"Jobs &#038; Bewerbung"},"content":{"rendered":"<p>Finden Sie Ihren Platz \u2013 im Team von KLK EMMERICH GmbH!<br \/>\nAuf unserer Karriereseite finden Sie alle aktuellen Stellenangebote deutschlandweit. Wir freuen uns \u00fcber Ihre Online-Bewerbung.<\/p>\n<p>Wir nutzen Personio als Recruiting-Service f\u00fcr unsere Karriereseite. Sie werden deshalb auf die f\u00fcr uns eingerichtete Recruiting-Seite der Personio SE &#038; Co. KG weitergeleitet, welche Betreiber der Software und der Recruiting-Seite ist. Die Auswertung und Beurteilung der eingegangenen Bewerbungen \u00fcbernehmen weiterhin wir. N\u00e4here Informationen zu der Verarbeitung Ihrer Daten finden Sie in der Datenschutzerkl\u00e4rung auf der Recruiting-Seite.<\/p>\n<a href=\"https:\/\/klk-emmerich-gmbh.jobs.personio.de\/\" class=\"btn btn-default\" target=\"_blank\"> Hier entlang zu unseren offenen Stellen <\/a>\n","protected":false},"excerpt":{"rendered":"<p>Finden Sie Ihren Platz \u2013 im Team von KLK EMMERICH GmbH! Auf unserer Karriereseite finden Sie alle aktuellen Stellenangebote deutschlandweit. Wir freuen uns \u00fcber Ihre [&hellip;]<\/p>\n","protected":false},"author":1,"featured_media":302,"parent":13,"menu_order":0,"comment_status":"closed","ping_status":"closed","template":"","meta":{"_exactmetrics_skip_tracking":false,"_exactmetrics_sitenote_active":false,"_exactmetrics_sitenote_note":"","_exactmetrics_sitenote_category":0,"footnotes":""},"class_list":["post-322","page","type-page","status-publish","has-post-thumbnail","hentry"],"_links":{"self":[{"href":"https:\/\/www.klkoleo.com\/klkemmerich\/de\/wp-json\/wp\/v2\/pages\/322","targetHints":{"allow":["GET"]}}],"collection":[{"href":"https:\/\/www.klkoleo.com\/klkemmerich\/de\/wp-json\/wp\/v2\/pages"}],"about":[{"href":"https:\/\/www.klkoleo.com\/klkemmerich\/de\/wp-json\/wp\/v2\/types\/page"}],"author":[{"embeddable":true,"href":"https:\/\/www.klkoleo.com\/klkemmerich\/de\/wp-json\/wp\/v2\/users\/1"}],"replies":[{"embeddable":true,"href":"https:\/\/www.klkoleo.com\/klkemmerich\/de\/wp-json\/wp\/v2\/comments?post=322"}],"version-history":[{"count":0,"href":"https:\/\/www.klkoleo.com\/klkemmerich\/de\/wp-json\/wp\/v2\/pages\/322\/revisions"}],"up":[{"embeddable":true,"href":"https:\/\/www.klkoleo.com\/klkemmerich\/de\/wp-json\/wp\/v2\/pages\/13"}],"wp:featuredmedia":[{"embeddable":true,"href":"https:\/\/www.klkoleo.com\/klkemmerich\/de\/wp-json\/wp\/v2\/media\/302"}],"wp:attachment":[{"href":"https:\/\/www.klkoleo.com\/klkemmerich\/de\/wp-json\/wp\/v2\/media?parent=322"}],"curies":[{"name":"wp","href":"https:\/\/api.w.org\/{rel}","templated":true}]}}