{"id":392,"date":"2018-01-29T11:26:00","date_gmt":"2018-01-29T03:26:00","guid":{"rendered":"http:\/\/klkoleo.com\/klkemmerich\/?page_id=392"},"modified":"2018-06-06T17:16:00","modified_gmt":"2018-06-06T09:16:00","slug":"conditions-of-use","status":"publish","type":"page","link":"https:\/\/www.klkoleo.com\/klkemmerich\/de\/conditions-of-use\/","title":{"rendered":"Nutzungsbedingungen"},"content":{"rendered":"<h3>Haftung f\u00fcr Inhalte<\/h3>\n<p>Nach \u00a7 7 Abs. 1 TMG sind wir f\u00fcr eigene Inhalte und bereitgestellte Informationen nach den allgemeinen Gesetzen verantwortlich. Wir sind jedoch nicht verpflichtet, nach \u00a7\u00a7 8 bis 10 TMG, \u00fcbermittelte oder gespeicherte fremde Informationen zu \u00fcberwachen oder nach Umst\u00e4nden zu forschen, die auf eine rechtswidrige Handlung oder Information hinweisen. Sollten wir Kenntnis von einer konkreten Rechtsverletzung erlangen, so werden wir die betroffenen Inhalte unverz\u00fcglich l\u00f6schen oder den Zugang zu diesen sperren.<\/p>\n<div class=\"su-divider su-divider-style-dotted\" style=\"margin:15px 0;border-width:1px;border-color:#ccc\"><\/div>\n<h3>Haftung f\u00fcr externe Links<\/h3>\n<p>Unsere Webseite kann Links zu anderen Webseiten beinhalten, sog. \u201eexterne Links\u201c (Verlinkungen), auf deren Inhalt wir keinen Einfluss haben. Aus diesem Grund k\u00f6nnen wir f\u00fcr diese Inhalte auch keine Haftung \u00fcbernehmen. F\u00fcr die Inhalte und Richtigkeit der bereitgestellten Informationen ist deshalb der jeweilige Anbieter der verlinkten Webseite verantwortlich. Zum Zeitpunkt der Verlinkung waren keine Rechtsverst\u00f6\u00dfe erkennbar. Sollten wir Kenntnis von einer konkreten Rechtsverletzung erlangen so, werden wir den externen Link unverz\u00fcglich von unserer Website entfernen.<\/p>\n<div class=\"su-divider su-divider-style-dotted\" style=\"margin:15px 0;border-width:1px;border-color:#ccc\"><\/div>\n<h3>Urheberrecht<\/h3>\n<p>Die auf dieser Webseite ver\u00f6ffentlichten Inhalte, Abbildungen und Texte unterliegen urheberrechtlichen Schutz sowie dem Schutz nach anderen Gesetzen zum Schutz geistigen Eigentums. Jede Art der Vervielf\u00e4ltigung, Bearbeitung, Verbreitung, Einspeicherung und der Verwertung au\u00dferhalb der gesetzlichen Grenzen bedarf der vorherigen schriftlichen Zustimmung der KLK Emmerich GmbH bzw. des jeweiligen Rechteinhabers.<\/p>\n<div class=\"su-divider su-divider-style-dotted\" style=\"margin:15px 0;border-width:1px;border-color:#ccc\"><\/div>\n<h3>Marken<\/h3>\n<p>Alle auf dieser Website genannten und verwendeten Marken sind Marken der KLK Oleo Gruppe, au\u00dfer sie sind als Rechte Dritter kenntlich gemacht oder in sonstiger Weise als solche erkennbar. Jede nicht autorisierte oder missbr\u00e4uchliche Nutzung dieser Marken ist untersagt und stellt eine Verletzung des Markenrechts, des Urheberrechts, anderer gewerblicher Schutzrechte und m\u00f6glicherweise des Wettbewerbsrechts dar.<br \/>\nSollten sich hierzu Fragen ergeben, so k\u00f6nnen Sie diese unmittelbar an die KLK Emmerich GmbH richten.<\/p>\n","protected":false},"excerpt":{"rendered":"<p>Haftung f\u00fcr Inhalte Nach \u00a7 7 Abs. 1 TMG sind wir f\u00fcr eigene Inhalte und bereitgestellte Informationen nach den allgemeinen Gesetzen verantwortlich. Wir sind jedoch [&hellip;]<\/p>\n","protected":false},"author":1,"featured_media":318,"parent":0,"menu_order":0,"comment_status":"closed","ping_status":"closed","template":"","meta":{"_exactmetrics_skip_tracking":false,"_exactmetrics_sitenote_active":false,"_exactmetrics_sitenote_note":"","_exactmetrics_sitenote_category":0,"footnotes":""},"class_list":["post-392","page","type-page","status-publish","has-post-thumbnail","hentry"],"_links":{"self":[{"href":"https:\/\/www.klkoleo.com\/klkemmerich\/de\/wp-json\/wp\/v2\/pages\/392","targetHints":{"allow":["GET"]}}],"collection":[{"href":"https:\/\/www.klkoleo.com\/klkemmerich\/de\/wp-json\/wp\/v2\/pages"}],"about":[{"href":"https:\/\/www.klkoleo.com\/klkemmerich\/de\/wp-json\/wp\/v2\/types\/page"}],"author":[{"embeddable":true,"href":"https:\/\/www.klkoleo.com\/klkemmerich\/de\/wp-json\/wp\/v2\/users\/1"}],"replies":[{"embeddable":true,"href":"https:\/\/www.klkoleo.com\/klkemmerich\/de\/wp-json\/wp\/v2\/comments?post=392"}],"version-history":[{"count":0,"href":"https:\/\/www.klkoleo.com\/klkemmerich\/de\/wp-json\/wp\/v2\/pages\/392\/revisions"}],"wp:featuredmedia":[{"embeddable":true,"href":"https:\/\/www.klkoleo.com\/klkemmerich\/de\/wp-json\/wp\/v2\/media\/318"}],"wp:attachment":[{"href":"https:\/\/www.klkoleo.com\/klkemmerich\/de\/wp-json\/wp\/v2\/media?parent=392"}],"curies":[{"name":"wp","href":"https:\/\/api.w.org\/{rel}","templated":true}]}}