{"id":397,"date":"2018-01-29T11:31:10","date_gmt":"2018-01-29T03:31:10","guid":{"rendered":"http:\/\/klkoleo.com\/klkemmerich\/?page_id=397"},"modified":"2023-11-15T16:42:01","modified_gmt":"2023-11-15T08:42:01","slug":"privacy-statement","status":"publish","type":"page","link":"https:\/\/www.klkoleo.com\/klkemmerich\/de\/privacy-statement\/","title":{"rendered":"Datenschutzerkl\u00e4rung"},"content":{"rendered":"<h3>Allgemeine Hinweise<\/h3>\n<p>KLK EMMERICH GmbH (KLK) respektiert die Privatsph\u00e4re jeder Person, die unsere Webseite besucht. Die vorliegende Datenschutzerkl\u00e4rung soll Ihnen einen \u00dcberblick dar\u00fcber geben, was mit Ihren personenbezogenen Daten passiert, wenn Sie unsere Website besuchen.<br \/>\nPersonenbezogene Daten sind alle Daten, mit denen Sie pers\u00f6nlich identifiziert werden k\u00f6nnen.<br \/>\nWir m\u00f6chten Sie nachfolgend dar\u00fcber informieren, wie wir die datenschutzrechtlichen Bestimmungen, insbesondere der Europ\u00e4ischen Datenschutzgrundverordnung (DSGVO) und des deutschen Bundesdatenschutzgesetzes (BDSG) anwenden, welche Informationen wir w\u00e4hrend des Besuchs unserer Website erfassen und wie diese genutzt werden.<\/p>\n<div class=\"su-divider su-divider-style-dotted\" style=\"margin:15px 0;border-width:1px;border-color:#ccc\"><\/div>\n<h3>Verantwortliche Stelle<\/h3>\n<p>Die verantwortliche Stelle f\u00fcr die Verarbeitung Ihrer personenbezogenen Daten ist:<\/p>\n<p>KLK EMMERICH GmbH<br \/>\nSteintor 9<br \/>\n46446 Emmerich am Rhein<br \/>\nDeutschland<\/p>\n<p>Telefon: +49 2822 72-0<br \/>\nEmail: info.europe@klkoleo.com<br \/>\nVerantwortliche Stelle ist die natu\u0308rliche oder juristische Person, die allein oder gemeinsam mit anderen u\u0308ber die Zwecke und Mittel der Verarbeitung von personenbezogenen Daten (z. B. Namen, E-Mail-Adressen o. \u00c4.) entscheidet.<\/p>\n<div class=\"su-divider su-divider-style-dotted\" style=\"margin:15px 0;border-width:1px;border-color:#ccc\"><\/div>\n<h3>Allgemeines zur Datenverarbeitung<\/h3>\n<p>Personenbezogene Daten werden von uns nur erhoben (z.B. durch das Ausf\u00fcllen des Kontaktformulars oder Versender einer E-Mail), wenn Sie uns diese von sich aus zur Verf\u00fcgung stellen und uns Ihre Einwilligung geben. Andere technische Daten (sog. Server-Logfile-Daten) werden automatisiert beim Besuch unserer Website erhoben und verarbeitet.<\/p>\n<p>Wir sichern Ihnen zu, dass wir die Kontrolle \u00fcber die von Ihnen an uns \u00fcbermittelten Daten behalten. Die Daten werden von uns bzw. unserem Provider, der in unserem Auftrag handelt, gespeichert und verarbeitet. Es kann sein, dass die Daten dabei ganz oder teilweise in anderen L\u00e4ndern (z.B. in Malaysia) gespeichert oder verarbeitet werden. In diesen L\u00e4ndern k\u00f6nnen andere datenschutzrechtliche Bestimmungen gelten, als in dem Land, von dem sie aus auf unsere Website zugreifen. Wir stellen sicher, dass der mit der Datenverarbeitung beauftragte Provider angemessene Schutzma\u00dfnahmen zur Gew\u00e4hrleistung einer Datensicherheit nach dem aktuellen Stand der Technik etabliert hat, um ihre personenbezogenen Daten nach den Anforderungen zu sch\u00fctzen, die in dem Land gelten, von dem aus Sie zugreifen.<\/p>\n<p>Die von Ihnen im Rahmen des Besuchs unserer Website automatisiert gespeicherten Daten werden gel\u00f6scht oder einschlie\u00dflich der IP-Adresse anonymisiert, sobald sie f\u00fcr ihre vorgesehenen Zwecke nicht mehr ben\u00f6tigt werden. Ihre im Rahmen der Kontaktaufnahme bereitgestellten personenbezogenen Daten verbleiben bei uns, bis Sie uns zur L\u00f6schung auffordern, Ihre Einwilligung widerrufen oder ebenfalls der Zweck der Datenspeicherung entf\u00e4llt. Soweit zwingende gesetzliche Vorschriften bestehen, so z.B. gesetzliche Aufbewahrungsfristen, bleiben diese davon unber\u00fchrt.<\/p>\n<p>Wir weisen darauf hin, dass die die internetbasierte \u00dcbertragung von Daten (z.B. bei der Kommunikation per E-Mail) grunds\u00e4tzlich Sicherheitsl\u00fccken aufweisen kann, so dass ein l\u00fcckenloser Schutz nicht gew\u00e4hrleistet ist. Aus diesem Grund steht es Ihnen als Nutzer unserer Website frei, uns ihre personenbezogenen Daten auf anderem Wege (z.B. telefonisch) mitzuteilen.<\/p>\n<div class=\"su-divider su-divider-style-dotted\" style=\"margin:15px 0;border-width:1px;border-color:#ccc\"><\/div>\n<h3>Server-Logfile-Daten<\/h3>\n<p>Die Nutzung unserer Website ist grunds\u00e4tzlich ohne Speicherung personenbezogener Daten m\u00f6glich.<\/p>\n<p>Mit jedem Aufruf unserer Website werden automatisiert folgende allgemeine Informationen, sog. Server-Logfile-Daten, \u00fcber den Zugriff auf dem Server gespeichert werden:<br \/>\n\u2022 das Datum<br \/>\n\u2022 die Uhrzeit<br \/>\n\u2022 der Name Ihres Providers<br \/>\n\u2022 Ihre IP-Adresse<br \/>\n\u2022 die Website, von der Sie uns aus besuchen<br \/>\n\u2022 die aufgerufene Website<\/p>\n<p>Bei der Nutzung dieser Server-Logfile-Daten f\u00fchren wir keine personenbezogene Identifizierung durch. Zweck der Erhebung ist die fehlerfreie Bereitstellung der Website sowie die Sicherstellung unserer informationstechnischen Systeme. Datenschutzrechtliche Grundlage f\u00fcr die Verarbeitung ist Art. 6 Abs. 1 lit. f DSGVO.<\/p>\n<div class=\"su-divider su-divider-style-dotted\" style=\"margin:15px 0;border-width:1px;border-color:#ccc\"><\/div>\n<h3>E-Mail-Kontaktformular oder Versenden einer E-Mail<\/h3>\n<p>Die Nutzung unserer Website ist grunds\u00e4tzlich ohne Speicherung personenbezogener Daten m\u00f6glich.<\/p>\n<p>Mit jedem Aufruf unserer Website werden automatisiert folgende allgemeine Informationen, sog. Server-Logfile-Daten, \u00fcber den Zugriff auf dem Server gespeichert werden:<br \/>\n\u2022 das Datum<br \/>\n\u2022 die Uhrzeit<br \/>\n\u2022 der Name Ihres Providers<br \/>\n\u2022 Ihre IP-Adresse<br \/>\n\u2022 die Website, von der Sie uns aus besuchen<br \/>\n\u2022 die aufgerufene Website<\/p>\n<p>Bei der Nutzung dieser Server-Logfile-Daten f\u00fchren wir keine personenbezogene Identifizierung durch. Zweck der Erhebung ist die fehlerfreie Bereitstellung der Website sowie die Sicherstellung unserer informationstechnischen Systeme. Datenschutzrechtliche Grundlage f\u00fcr die Verarbeitung ist Art. 6 Abs. 1 lit. f DSGVO.<\/p>\n<div class=\"su-divider su-divider-style-dotted\" style=\"margin:15px 0;border-width:1px;border-color:#ccc\"><\/div>\n<h3>E-Mail-Kontaktformular oder Versenden einer E-Mail<\/h3>\n<p>F\u00fcr eine Kontaktaufnahme mit uns k\u00f6nnen Sie entweder das auf unserer Website vorhandene Kontaktformular verwenden oder aber \u00fcber die auf der Website ebenfalls bereitgestellte E-Mail-Adresse Kontakt mit uns aufnehmen.<\/p>\n<p>Nutzen Sie das Kontaktformular, sind Ihre Pflichtangaben auf die f\u00fcr die Bearbeitung der Kontaktanfrage erforderlichen Angaben beschr\u00e4nkt (E-Mailadresse). Weitere Angaben sind optional.<br \/>\nAlternativ ist es auch m\u00f6glich, \u00fcber die auf der Website bereitgestellte E-Mail-Adresse Kontakt mit uns aufzunehmen.<\/p>\n<p>Die jeweilige Verarbeitung der personenbezogenen Daten erfolgt auf Grundlage von Art. 6 Abs. 1 lit. b DSGVO, sofern Ihre Anfrage mit der Erf\u00fcllung eines Vertrags zusammenh\u00e4ngt oder zur Durchf\u00fchrung vorvertraglicher Ma\u00dfnahmen erforderlich ist. In allen \u00dcbrigen F\u00e4llen beruht die Verarbeitung auf unserem berechtigten Interesse an der effektiven Bearbeitung der an uns gerichteten Anfragen und damit auf Art. 6 Abs. 1 lit. f DSGVO oder auf Ihrer Einwilligung gem\u00e4\u00df Art. 6 Abs. 1 lit. a DSGVO, sofern diese abgefragt wurde.<\/p>\n<div class=\"su-divider su-divider-style-dotted\" style=\"margin:15px 0;border-width:1px;border-color:#ccc\"><\/div>\n<h3>Einsatz von Cookies<\/h3>\n<p>Bei Cookies handelt es sich um kleine Dateien, die auf Ihrer Festplatte dem von Ihnen verwendeten Browser zugeordnet gespeichert werden und durch welche der Stelle, die den Cookie setzt, bestimmte Informationen zuflie\u00dfen. Cookies k\u00f6nnen keine Programme ausf\u00fchren oder Viren auf Ihren Computer \u00fcbertragen. Sie dienen dazu, das Internetangebot insgesamt nutzerfreundlicher und effektiver zu machen.<br \/>\nWir setzen Cookies im Einklang mit den gesetzlichen Vorschriften ein. Daher holen wir von den Nutzern eine vorhergehende Einwilligung ein, au\u00dfer wenn diese gesetzlich nicht gefordert ist. Eine Einwilligung ist insbesondere nicht notwendig, wenn das Speichern und das Auslesen der Informationen, also auch von Cookies, unbedingt erforderlich sind, um dem den Nutzern einen von ihnen ausdr\u00fccklich gew\u00fcnschten Telemediendienst (also unser Onlineangebot) zur Verf\u00fcgung zu stellen.<\/p>\n<p>Wir speichern die Cookies, sofern diese zwingend erforderlich sind, auf der datenschutzrechtlichen Grundlage von Artikel 6 Abs. 1 lit. f DSGVO, da wir als Betreiber der Website ein berechtigtes Interesse an der Verwendung von Cookies haben, um unsere Website technisch fehlerfrei und f\u00fcr Sie optimiert bereit stellen zu k\u00f6nnen.<br \/>\nAlle weiteren Cookies speichern wir auf der datenschutzrechtlichen Grundlage vom Art. 6 Abs. 1 lit. a DSGVO erst nach Ihrer erteilten Einwilligung.<\/p>\n<div class=\"su-divider su-divider-style-dotted\" style=\"margin:15px 0;border-width:1px;border-color:#ccc\"><\/div>\n<h3>Webanalyse<\/h3>\n<p><strong>Google Analytics<\/strong><\/p>\n<p>Auf unserer Website setzen wir auf der datenschutzrechtlichen Grundlage von Artikel 6 Abs. 1 lit. a DSGVO Google Analytics, einen Webanalysedienst der Google Ireland Limited, Gordon House, Barrow Street, Dublin 4, Irland (\u201eGoogle\u201c) ein. Google verwendet Cookies. Die durch das Cookie erzeugten Informationen \u00fcber ihre Nutzung unserer Websites werden an einen Server von Google in den USA \u00fcbertragen, dort in unserem Auftrag gespeichert, analysiert und das Ergebnis uns in Form eines anonymisierten Nutzungsprofils zur Verf\u00fcgung gestellt. Wir haben auf unserer Website die von Google angebotene IP-Anonymisierung aktiviert. Das bedeutet, dass Ihre IP-Adresse gek\u00fcrzt wird.<br \/>\nGoogle wird diese Informationen in unserem Auftrag benutzen, um die Nutzung unseres Onlineangebotes durch die Nutzer auszuwerten, um Reports \u00fcber die Aktivit\u00e4ten innerhalb dieses Onlineangebotes zusammenzustellen und um weitere mit der Nutzung dieses Onlineangebotes und der Internetnutzung verbundene Dienstleistungen uns gegen\u00fcber zu erbringen. Dabei k\u00f6nnen aus den verarbeiteten Daten pseudonyme Nutzungsprofile der Nutzer erstellt werden.<br \/>\nNur in Ausnahmef\u00e4llen wird die volle IP-Adresse an einen Server von Google in den USA \u00fcbertragen und dort gek\u00fcrzt. Die von dem Browser des Nutzers \u00fcbermittelte IP-Adresse wird nicht mit anderen Daten von Google zusammengef\u00fchrt.<br \/>\nWie bereits oben dargestellt, k\u00f6nnen Sie die Speicherung der Cookies durch eine entsprechende Einstellung ihres Internetbrowsers verhindern und damit der Setzung von Cookies dauerhaft widersprechen. Es besteht dar\u00fcber hinaus die M\u00f6glichkeit, die Erfassung der durch das Cookie erzeugten und auf ihre Nutzung der Website bezogenen Daten an Google sowie die Verarbeitung dieser Daten durch Google zu verhindern, indem sie das unter dem folgenden Link verf\u00fcgbare Browser-Plugin als Add-On herunterladen und installieren: http:\/\/tools.google.com\/dlpage\/gaoptout<br \/>\nDieses Browser-Add-On teilt Google mit, dass keine Daten und Informationen zu den Besuchen von Internetseiten an Google \u00fcbermittelt werden d\u00fcrfen.<br \/>\nFerner k\u00f6nnen Sie die Erfassung der von Google erzeugten Daten, insbesondere beim Einsatz von mobilen Endger\u00e4ten durch das Setzten eines sog. Opt-Out-Cookie verhindern, den Sie, solange Sie ihren Widerspruch aufrechterhalten wollen, nicht l\u00f6schen sollten. Weitere Informationen dazu finden Sie ebenfalls unter: http:\/\/tools.google.com\/dlpage\/gaoptout<br \/>\nWeitere Informationen zu Google Analytics und die geltenden Google Analytics Nutzungsbedingungen und Datenschutzgrunds\u00e4tze erhalten Sie unter: http:\/\/google.com\/intl\/de_de\/analytics\/ ; http:\/\/google.com\/analytics\/terms\/de.html und http:\/\/google.de\/policies\/privacy\/<\/p>\n<div class=\"su-divider su-divider-style-dotted\" style=\"margin:15px 0;border-width:1px;border-color:#ccc\"><\/div>\n<h3><strong>Google Fonts<\/strong><\/h3>\n<p>Wir binden die Schriftarten Google Fonts des Anbieters Google lokal auf unseren Servern ein, wobei die Daten der Nutzer allein zu Zwecken der Darstellung der Schriftarten im Browser der Nutzer verwendet werden. Die Einbindung erfolgt auf Grundlage unserer berechtigten Interessen im Sinne von Artikel 6 Abs. 1 lit. f DSGVO an einer technisch sicheren, wartungsfreien und effizienten Nutzung von Schriftarten, deren einheitlicher Darstellung sowie unter Ber\u00fccksichtigung m\u00f6glicher lizenzrechtlicher Restriktionen f\u00fcr deren Einbindung. Dienstanbieter: Google Ireland Limited, Gordon House, Barrow Street, Dublin 4, Irland, Website: https:\/\/fonts.google.com; Datenschutzerkl\u00e4rung: https:\/\/policies.google.com\/privacy.<\/p>\n<div class=\"su-divider su-divider-style-dotted\" style=\"margin:15px 0;border-width:1px;border-color:#ccc\"><\/div>\n<h3>Google Tag Manager<\/h3>\n<p>Auf unserer Webseite nutzten wir den Google Tag Manager. Der Google Tag Manager ist eine Anwendung, die es den Anbietern erlaubt, die Webseiten-Tags von Applikationen wie Google Analytics durch eine einzelne Schnittstelle zu nutzen. Das Tool Tag Manager selbst (das die Tags implementiert) ist eine Cookie-freie Domain und sammelt lediglich die IP-Adresse, welche notwendig ist f\u00fcr die Funktion des Tag Managers. Das Tool steuert andere Tags, welche wiederum unter bestimmten Umst\u00e4nden Daten sammeln k\u00f6nnen. Der Google Tag Manager greift nicht auf diese Daten zu. Wenn auf dem Domain- oder Cookie-level deaktiviert wurde, dann bleibt dieses Deaktivierung f\u00fcr alle tracking-Tags gesetzt, die mit dem Google Tag Manager implementiert wurden. Der Einsatz des Google Tag Managers erfolgt auf der datenschutzrechtlichen Grundlage von Art. 6 Abs. 1 lit. f DSGVO. Wir als Websitebetreiber haben ein berechtigtes Interesse an einer schnellen und unkomplizierten Einbindung und Verwaltung verschiedener Tools auf unserer Website. Sofern wir eine entsprechende Einwilligung abfragen, erfolgt die Verarbeitung ausschlie\u00dflich auf der datenschutzrechtlichen Grundlage von Art. 6 Abs. 1 lit. a DSGVO; Ihre Einwilligung ist jederzeit widerrufbar.<\/p>\n<div class=\"su-divider su-divider-style-dotted\" style=\"margin:15px 0;border-width:1px;border-color:#ccc\"><\/div>\n<h3>Cloudflare<\/h3>\n<p>Auf unserer Website verwenden wir ein sog. Content Delivery Network (&#8222;CDN&#8220;) des Technologiedienstleisters Cloudflare Inc., 101 Townsend St. San Francisco, CA 94107, USA (&#8222;Cloudflare&#8220;). Bei einem Content Delivery Network handelt es sich um einen Online-Dienst, mit dessen Hilfe insbesondere gro\u00dfe Mediendateien (wie z.B. Grafiken, Seiteninhalte oder Skripte) durch ein Netz regional verteilter und \u00fcber das Internet verbundener Server ausgeliefert werden. Der Einsatz des Content Delivery Network von Cloudflare hilft uns bei der Optimierung der Ladegeschwindigkeiten unserer Website. Die Verarbeitung erfolgt auf der datenschutzrechtlichen Grundlage von Art. 6 Abs. 1 lit. f DSGVO, da wir als Webseitenbetreiber ein berechtigtes Interesse an einer sicheren und effizienten Bereitstellung, sowie Verbesserung der Stabilit\u00e4t und Funktionalit\u00e4t unserer Website haben.<br \/>\nWeitere Informationen finden Sie in der Datenschutzerkl\u00e4rung von Cloudflare unter: https:\/\/www.cloudflare.com\/privacypolicy\/<\/p>\n<div class=\"su-divider su-divider-style-dotted\" style=\"margin:15px 0;border-width:1px;border-color:#ccc\"><\/div>\n<h3>Font Awesome<\/h3>\n<p>Wir nutzen auf unserer Website zur einheitlichen Darstellung von Schriftarten sogenannte Web Fonts. Anbieter ist die Fonticons, Inc., 120 South Central Ave, Clayton, MO 63105, USA (\u201eFonticons\u201c). Beim Aufruf einer Webseite l\u00e4dt Ihr Browser die ben\u00f6tigten Web Fonts in ihren Browsercache, um Texte und Schriftarten korrekt anzuzeigen. Zu diesem Zweck muss der von Ihnen verwendete Browser Verbindung zu den Servern von Fonticons, Inc aufnehmen.<br \/>\nHierdurch erlangt Fonticons Kenntnis dar\u00fcber, dass \u00fcber Ihre IP-Adresse unsere Website aufgerufen wurde. Die Nutzung von Web Fonts erfolgt im Interesse einer einheitlichen und ansprechenden Darstellung der Inhalt unserer Website. Dies stellt ein berechtigtes Interesse im Sinne von Art. 6 Abs. 1 S. 1 lit. f DSGVO dar.<br \/>\nWenn Ihr Browser Web Fonts nicht unterst\u00fctzt, wird eine Standardschrift Ihres Computers genutzt.<br \/>\nWeitere Informationen zu Font Awesome finden Sie unter https:\/\/fontawesome.com\/help und in der Datenschutzerkl\u00e4rung von Fonticons: https:\/\/fontawesome.com\/privacy<\/p>\n<div class=\"su-divider su-divider-style-dotted\" style=\"margin:15px 0;border-width:1px;border-color:#ccc\"><\/div>\n<p><strong><span style=\"font-size: 14pt;\">Auskunft, L\u00f6schung, Sperrung und Widerruf<\/span><br \/>\n<\/strong><\/p>\n<p>Nach der DSGVO stehen Ihnen folgende Recht zu:<br \/>\nWerden Ihre personenbezogenen Daten verarbeitet, so haben Sie das Recht Auskunft \u00fcber die zu Ihrer Person gespeicherten Daten zu erhalten (Art. 15 DSGVO).<br \/>\nSollten unrichtige personenbezogene Daten verarbeitet werden, steht Ihnen ein Recht auf Berichtigung zu (Art. 16 DSGVO).<br \/>\nLiegen die gesetzlichen Voraussetzungen vor, so k\u00f6nnen Sie die L\u00f6schung oder Einschr\u00e4nkung der Verarbeitung verlangen sowie Widerspruch gegen die Verarbeitung einlegen (Art. 17, 18 und 21 DSGVO).<\/p>\n<p>Wenn Sie in die Verarbeitung Ihrer personenbezogenen Daten durch eine entsprechende Erkl\u00e4rung eingewilligt haben, k\u00f6nnen Sie Ihre Einwilligung zur Verwendung Ihrer personenbezogenen Daten jederzeit f\u00fcr die Zukunft widerrufen. Durch den Widerruf der Einwilligung wird die Rechtm\u00e4\u00dfigkeit der aufgrund der Einwilligung bis zum Widerruf erfolgten Verarbeitung nicht ber\u00fchrt.<br \/>\nBei datenschutzrechtlichen Beschwerden k\u00f6nnen Sie sich an die zust\u00e4ndige Aufsichtsbeh\u00f6rde des Landes Nordrhein-Westfalen (NRW) wenden.<br \/>\nF\u00fcr die Aus\u00fcbung der zuvor genannten Rechte, reicht eine formlose Mitteilung, z.B. per E-Mail an uns.<\/p>\n<div class=\"su-divider su-divider-style-dotted\" style=\"margin:15px 0;border-width:1px;border-color:#ccc\"><\/div>\n<h3><span style=\"font-size: 14pt;\"><strong>Kontakt<\/strong><\/span><\/h3>\n<p>Sollten Sie Fragen oder ein konkretes Anliegen haben, so k\u00f6nnen Sie sich jederzeit an die in dieser Datenschutzerkl\u00e4rung genannte verantwortliche Stelle wenden.<\/p>\n<p>Unseren Datenschutzbeauftragten erreichen Sie unter Datenschutz@klkoleo.com<\/p>\n<p>Wir behalten uns das Recht vor, diese Erkl\u00e4rung mit Wirkung f\u00fcr die Zukunft anzupassen.<\/p>\n","protected":false},"excerpt":{"rendered":"<p>Allgemeine Hinweise KLK EMMERICH GmbH (KLK) respektiert die Privatsph\u00e4re jeder Person, die unsere Webseite besucht. Die vorliegende Datenschutzerkl\u00e4rung soll Ihnen einen \u00dcberblick dar\u00fcber geben, was [&hellip;]<\/p>\n","protected":false},"author":1,"featured_media":318,"parent":0,"menu_order":0,"comment_status":"closed","ping_status":"closed","template":"","meta":{"_exactmetrics_skip_tracking":false,"_exactmetrics_sitenote_active":false,"_exactmetrics_sitenote_note":"","_exactmetrics_sitenote_category":0,"footnotes":""},"class_list":["post-397","page","type-page","status-publish","has-post-thumbnail","hentry"],"_links":{"self":[{"href":"https:\/\/www.klkoleo.com\/klkemmerich\/de\/wp-json\/wp\/v2\/pages\/397","targetHints":{"allow":["GET"]}}],"collection":[{"href":"https:\/\/www.klkoleo.com\/klkemmerich\/de\/wp-json\/wp\/v2\/pages"}],"about":[{"href":"https:\/\/www.klkoleo.com\/klkemmerich\/de\/wp-json\/wp\/v2\/types\/page"}],"author":[{"embeddable":true,"href":"https:\/\/www.klkoleo.com\/klkemmerich\/de\/wp-json\/wp\/v2\/users\/1"}],"replies":[{"embeddable":true,"href":"https:\/\/www.klkoleo.com\/klkemmerich\/de\/wp-json\/wp\/v2\/comments?post=397"}],"version-history":[{"count":0,"href":"https:\/\/www.klkoleo.com\/klkemmerich\/de\/wp-json\/wp\/v2\/pages\/397\/revisions"}],"wp:featuredmedia":[{"embeddable":true,"href":"https:\/\/www.klkoleo.com\/klkemmerich\/de\/wp-json\/wp\/v2\/media\/318"}],"wp:attachment":[{"href":"https:\/\/www.klkoleo.com\/klkemmerich\/de\/wp-json\/wp\/v2\/media?parent=397"}],"curies":[{"name":"wp","href":"https:\/\/api.w.org\/{rel}","templated":true}]}}