{"id":785,"date":"2018-09-11T15:07:48","date_gmt":"2018-09-11T07:07:48","guid":{"rendered":"http:\/\/www.klkoleo.com\/klkemmerich\/en\/?page_id=785"},"modified":"2020-01-09T21:08:03","modified_gmt":"2020-01-09T13:08:03","slug":"physikalische-eigenschaften","status":"publish","type":"page","link":"https:\/\/www.klkoleo.com\/klkemmerich\/de\/products\/physikalische-eigenschaften\/","title":{"rendered":"Physikalische Eigenschaften"},"content":{"rendered":"<div class=\"container\">\n<div class=\"row\">\n<div class=\"col-md-12\">\n<table  class=\" table table-hover\" width=\"1513\">\n<tbody>\n<tr>\n<td width=\"105\"><strong>Acid<\/strong><\/td>\n<td width=\"59\"><strong>Formula<\/strong><\/td>\n<td width=\"420\"><strong>Formula<\/strong><\/td>\n<td width=\"116\"><strong>CAS Reg. Number<\/strong><\/td>\n<td width=\"120\"><strong>Molecular Weight<\/strong><\/td>\n<td width=\"88\"><strong>Acid Number<\/strong><\/td>\n<td width=\"101\"><strong>Iodine Number<\/strong><\/td>\n<td width=\"108\"><strong>Melting point \u00b0C<\/strong><\/td>\n<td width=\"132\"><strong>Boiling point \u00b0C 1 Hg<\/strong><\/td>\n<td width=\"132\"><strong>Boiling point \u00b0C 4 Hg<\/strong><\/td>\n<td width=\"132\"><strong>Boiling point \u00b0C 5 Hg<\/strong><\/td>\n<\/tr>\n<tr>\n<td>Caproic acid<\/td>\n<td>C<sub>6<\/sub>H<sub>12<\/sub>O<sub>2<\/sub><\/td>\n<td>CH<sub>3<\/sub> \u2013 (CH<sub>2<\/sub>)<sub>4<\/sub> \u2013 COOH<\/td>\n<td>142-62-1<\/td>\n<td>116.16<\/td>\n<td>483.0<\/td>\n<td><\/td>\n<td>&#8211; 3.4 \/ &#8211; 3.9<\/td>\n<td>71.4<\/td>\n<td><\/td>\n<td><\/td>\n<\/tr>\n<tr>\n<td>Heptanoic acid<\/td>\n<td>C<sub>7<\/sub>H<sub>14<\/sub>O<sub>2<\/sub><\/td>\n<td>CH<sub>3<\/sub> \u2013 (CH<sub>2<\/sub>)<sub>5<\/sub> &#8211; COOH<\/td>\n<td>111-14-8<\/td>\n<td>130.19<\/td>\n<td>431<\/td>\n<td><\/td>\n<td>&#8211; 7 \/ &#8211; 10<\/td>\n<td>78.0<\/td>\n<td><\/td>\n<td><\/td>\n<\/tr>\n<tr>\n<td>Caprylic acid<\/td>\n<td>C<sub>8<\/sub>H<sub>16<\/sub>O<sub>2<\/sub><\/td>\n<td>CH<sub>3 <\/sub>\u2013 (CH<sub>2<\/sub>)<sub>6<\/sub> \u2013 COOH<\/td>\n<td>124-07-2<\/td>\n<td>144.22<\/td>\n<td>389.0<\/td>\n<td><\/td>\n<td>16.3 \/ 16.7<\/td>\n<td>92.3<\/td>\n<td><\/td>\n<td><\/td>\n<\/tr>\n<tr>\n<td>Pelargonic acid<\/td>\n<td>C<sub>9<\/sub>H<sub>18<\/sub>O<sub>2<\/sub><\/td>\n<td>CH<sub>3<\/sub> \u2013 (CH<sub>2<\/sub>)<sub>7<\/sub> &#8211; COOH<\/td>\n<td>112-05-0<\/td>\n<td>158.24<\/td>\n<td>354<\/td>\n<td><\/td>\n<td>12.5<\/td>\n<td>108.2<\/td>\n<td><\/td>\n<td><\/td>\n<\/tr>\n<tr>\n<td>Capric acid<\/td>\n<td>C<sub>10<\/sub>H<sub>20<\/sub>O<sub>2<\/sub><\/td>\n<td>CH<sub>3<\/sub> \u2013 (CH<sub>2<\/sub>)<sub>8<\/sub> &#8211; COOH<\/td>\n<td>334-48-5<\/td>\n<td>172.27<\/td>\n<td>325<\/td>\n<td><\/td>\n<td>31.2 \/ 31.6<\/td>\n<td>125.0<\/td>\n<td><\/td>\n<td><\/td>\n<\/tr>\n<tr>\n<td>Lauric acid<\/td>\n<td>C<sub>12<\/sub>H<sub>24<\/sub>O<sub>2<\/sub><\/td>\n<td>CH<sub>3<\/sub> \u2013 (CH<sub>2<\/sub>)<sub>10<\/sub> \u2013 COOH<\/td>\n<td>143-07-7<\/td>\n<td>200.32<\/td>\n<td>280.1<\/td>\n<td><\/td>\n<td>44.0 \/ 44.2<\/td>\n<td>121.0<\/td>\n<td><\/td>\n<td><\/td>\n<\/tr>\n<tr>\n<td>Myristic acid<\/td>\n<td>C<sub>14<\/sub>H<sub>28<\/sub>O<sub>2<\/sub><\/td>\n<td>CH<sub>3<\/sub> \u2013 (CH<sub>2<\/sub>)<sub>12<\/sub> &#8211; COOH<\/td>\n<td>544-63-8<\/td>\n<td>228.38<\/td>\n<td>245<\/td>\n<td><\/td>\n<td>53.9 \/ 54.4<\/td>\n<td>162.0<\/td>\n<td><\/td>\n<td><\/td>\n<\/tr>\n<tr>\n<td>Palmitic acid<\/td>\n<td>C<sub>16<\/sub>H<sub>32<\/sub>O<sub>2<\/sub><\/td>\n<td>CH<sub>3<\/sub> \u2013 (CH<sub>2<\/sub>)<sub>14<\/sub> &#8211; COOH<\/td>\n<td>57-10-3<\/td>\n<td>256.43<\/td>\n<td>218<\/td>\n<td><\/td>\n<td>62.5 \/ 63.1<\/td>\n<td>153.6<\/td>\n<td><\/td>\n<td><\/td>\n<\/tr>\n<tr>\n<td>Stearic acid<\/td>\n<td>C<sub>18<\/sub>H<sub>36<\/sub>O<sub>2<\/sub><\/td>\n<td>CH<sub>3<\/sub> \u2013 (CH<sub>2<\/sub>)<sub>16<\/sub> &#8211; COOH<\/td>\n<td>57-11-4<\/td>\n<td>284.49<\/td>\n<td>197.2<\/td>\n<td><\/td>\n<td>69.6<\/td>\n<td>173.7<\/td>\n<td><\/td>\n<td><\/td>\n<\/tr>\n<tr>\n<td>Arachidic acid<\/td>\n<td>C<sub>20<\/sub>H<sub>40<\/sub>O<sub>2<\/sub><\/td>\n<td>CH<sub>3<\/sub> \u2013 (CH<sub>2<\/sub>)<sub>18<\/sub> &#8211; COOH<\/td>\n<td>506-30-9<\/td>\n<td>312.54<\/td>\n<td>179<\/td>\n<td><\/td>\n<td>75.3 \/ 75.4<\/td>\n<td>203-205<\/td>\n<td><\/td>\n<td><\/td>\n<\/tr>\n<tr>\n<td>Behenic acid<\/td>\n<td>C<sub>22<\/sub>H<sub>44<\/sub>O<sub>2<\/sub><\/td>\n<td>CH<sub>3<\/sub> \u2013 (CH<sub>2<\/sub>)<sub>20<\/sub> &#8211; COOH<\/td>\n<td>112-85-6<\/td>\n<td>340.60<\/td>\n<td>164<\/td>\n<td><\/td>\n<td>79.9 \/ 80.0<\/td>\n<td><\/td>\n<td><\/td>\n<td>263<\/td>\n<\/tr>\n<tr>\n<td>Oleic acid<\/td>\n<td>C<sub>18<\/sub>H<sub>34<\/sub>O<sub>2 <\/sub><\/td>\n<td>CH<sub>3 <\/sub>\u2013 (CH<sub>2<\/sub>)<sub>7<\/sub> \u2013 CH = CH \u2013 (CH<sub>2<\/sub>)<sub>7<\/sub> &#8211; COOH<\/td>\n<td>112-80-1<\/td>\n<td>282.47<\/td>\n<td>199<\/td>\n<td>89.87<\/td>\n<td>13.5 (a); 16.3 (\u00df)<\/td>\n<td>176.5<\/td>\n<td><\/td>\n<td><\/td>\n<\/tr>\n<tr>\n<td>Linoleic acid<\/td>\n<td>C<sub>18<\/sub>H<sub>32<\/sub>O<sub>2 <\/sub><\/td>\n<td>CH<sub>3 <\/sub>\u2013 (CH<sub>2<\/sub>)<sub>4<\/sub> \u2013 CH = CH \u2013 CH<sub>2<\/sub> \u2013 CH = CH \u2013 (CH<sub>2<\/sub>)<sub>7<\/sub> &#8211; COOH<\/td>\n<td>60-33-3<\/td>\n<td>280.45<\/td>\n<td>200<\/td>\n<td>181<\/td>\n<td>-5<\/td>\n<td>178.5<\/td>\n<td><\/td>\n<td><\/td>\n<\/tr>\n<tr>\n<td>Linolenic acid<\/td>\n<td>C<sub>18<\/sub>H<sub>30<\/sub>O<sub>2<\/sub><\/td>\n<td>CH<sub>3<\/sub> \u2013 CH<sub>2<\/sub> \u2013 CH = CH \u2013 CH<sub>2<\/sub> \u2013 CH = CH \u2013 CH<sub>2<\/sub> \u2013 CH = CH \u2013 (CH<sub>2<\/sub>)<sub>7 <\/sub>&#8211; COOH<\/td>\n<td>463-40-1<\/td>\n<td>278.44<\/td>\n<td>202<\/td>\n<td>274<\/td>\n<td>-11<\/td>\n<td><\/td>\n<td>197<\/td>\n<td><\/td>\n<\/tr>\n<tr>\n<td width=\"105\">Erucic acid<\/td>\n<td>C<sub>22<\/sub>H<sub>42<\/sub>O<sub>2<\/sub><\/td>\n<td>CH<sub>3<\/sub> \u2013 (CH<sub>2<\/sub>)<sub>7<\/sub> \u2013 CH = CH \u2013 (CH<sub>2<\/sub>)<sub>11<\/sub> &#8211; COOH<\/td>\n<td>112-86-7<\/td>\n<td>338.58<\/td>\n<td>166<\/td>\n<td>74.98<\/td>\n<td>33\/34<\/td>\n<td>206.7<\/td>\n<td><\/td>\n<td><\/td>\n<\/tr>\n<\/tbody>\n<\/table>\n<p>Synonyms:<\/p>\n<p>Caproic acid: hexanoic acid, butylacetic acid, hexoic acid, pentylformic acid.<br \/>\nHeptanoic acid: oenanthic acid, heptoic acid, hepthylic acid, 1- hexanecarboxylic acid, enanthic acid, enanthylic acid, oenanthylic acid.<br \/>\nCaprylic acid: octanoic acid, octic acid, octoic acid, 1-heptanecarboxylic acid, octylic acid.<br \/>\nPelargonic acid: pelargic acid, nonanoic acid, nonylic acid, 1-octanecarboxylic acid, nonoic acid, ethyl heptanoic acid.<br \/>\nCapric acid: decanoic acid, decylic acid, decatioc acid, 1-nonanecarboxylic acid.<br \/>\nLauric acid: dodecanoic acid, duodecylic acid, laurostearic, 1-undecanecarboxylic acid.<br \/>\nMyristic acid: tetradecanoic acid, tetradecoic acid, 1-tridecanecarboxylic acid.<br \/>\nPalmitic acid: hexadecanoic acid, hexadecoic acid, 1-pentadecanecarboxylic acid, hexadecylic acid.<br \/>\nStearic acid: octadecanoic acid, stearophanic acid, 1-heptadecanecarboxylic acid.<br \/>\nArachidic acid: eicosanoic acid, 1-nonanedecanecarboxylic acid.<br \/>\nBehenic acid: docosanoic acid, 1-heneicosanecarboxylic acid.<br \/>\nOleic acid: 9, 10-octadecenoic acid (cis), cis-9-octadecenoic acid, cis-octadec-9-enoic acid, cis-delta (sup 9)-octadecenoic acid.<br \/>\nLinoleic acid: 9c, 12c-octadecadienoic acid, leinoleic acid, 9, 12-linoleic acid.<br \/>\nLinolenic acid: 9c, 12c, 15c-octadecatrienoic acid.<br \/>\nErucic acid: cis-13-docosenoic acid.<\/p>\n<p>Die hier wiedergegebenen Informationen dienen ausschlie\u00dflich reinen Informationszwecken. F\u00fcr die Aktualit\u00e4t, Richtigkeit, Vollst\u00e4ndigkeit oder sonstige Qualit\u00e4t \u00fcbernehmen wir keine Haftung. Wir \u00fcbernehmen keine Aktualisierungspflicht. Es k\u00f6nnen nachtr\u00e4glich Ver\u00e4nderungen der in der Darstellung enthaltenen Informationen entstehen.<\/p>\n<\/div>\n<\/div>\n<\/div>\n","protected":false},"excerpt":{"rendered":"","protected":false},"author":3,"featured_media":621,"parent":11,"menu_order":0,"comment_status":"closed","ping_status":"closed","template":"page-fullwidth.php","meta":{"_exactmetrics_skip_tracking":false,"_exactmetrics_sitenote_active":false,"_exactmetrics_sitenote_note":"","_exactmetrics_sitenote_category":0,"footnotes":""},"class_list":["post-785","page","type-page","status-publish","has-post-thumbnail","hentry"],"_links":{"self":[{"href":"https:\/\/www.klkoleo.com\/klkemmerich\/de\/wp-json\/wp\/v2\/pages\/785","targetHints":{"allow":["GET"]}}],"collection":[{"href":"https:\/\/www.klkoleo.com\/klkemmerich\/de\/wp-json\/wp\/v2\/pages"}],"about":[{"href":"https:\/\/www.klkoleo.com\/klkemmerich\/de\/wp-json\/wp\/v2\/types\/page"}],"author":[{"embeddable":true,"href":"https:\/\/www.klkoleo.com\/klkemmerich\/de\/wp-json\/wp\/v2\/users\/3"}],"replies":[{"embeddable":true,"href":"https:\/\/www.klkoleo.com\/klkemmerich\/de\/wp-json\/wp\/v2\/comments?post=785"}],"version-history":[{"count":0,"href":"https:\/\/www.klkoleo.com\/klkemmerich\/de\/wp-json\/wp\/v2\/pages\/785\/revisions"}],"up":[{"embeddable":true,"href":"https:\/\/www.klkoleo.com\/klkemmerich\/de\/wp-json\/wp\/v2\/pages\/11"}],"wp:featuredmedia":[{"embeddable":true,"href":"https:\/\/www.klkoleo.com\/klkemmerich\/de\/wp-json\/wp\/v2\/media\/621"}],"wp:attachment":[{"href":"https:\/\/www.klkoleo.com\/klkemmerich\/de\/wp-json\/wp\/v2\/media?parent=785"}],"curies":[{"name":"wp","href":"https:\/\/api.w.org\/{rel}","templated":true}]}}