{"id":81,"date":"2018-01-23T13:10:59","date_gmt":"2018-01-23T05:10:59","guid":{"rendered":"http:\/\/klkoleo.com\/klkemmerich\/?page_id=81"},"modified":"2026-01-21T18:40:46","modified_gmt":"2026-01-21T10:40:46","slug":"management-team","status":"publish","type":"page","link":"https:\/\/www.klkoleo.com\/klkemmerich\/de\/company\/management-team\/","title":{"rendered":"Das Management"},"content":{"rendered":"<ul class=\"team\">\n<li><span class=\"su-lightbox\" data-mfp-src=\"#Bors\" data-mfp-type=\"inline\" data-mobile=\"yes\"><img decoding=\"async\" class=\"alignnone size-full wp-image-2095\" src=\"https:\/\/www.klkoleo.com\/klkemmerich\/wp-content\/uploads\/2023\/04\/Bors-Abele-1.jpeg\" alt=\"\" width=\"225\" height=\"334\" \/><br \/>\nDr. Bors Cajus Abele<br \/>\n<small>Managing Director<\/small><\/span><\/li>\n<li><span class=\"su-lightbox\" data-mfp-src=\"#Mathur\" data-mfp-type=\"inline\" data-mobile=\"yes\"><a href=\"https:\/\/www.klkoleo.com\/klkemmerich\/de\/mathur\/\"><img decoding=\"async\" class=\"alignnone size-full wp-image-1376\" src=\"https:\/\/www.klkoleo.com\/klkemmerich\/wp-content\/uploads\/2020\/04\/Mathur.jpg\" alt=\"\" width=\"215\" height=\"323\" \/><\/a><br \/>\nMathur Subramanian\u00a0Sriganesh<br \/>\n<small>Executive Director<br \/>\nLIfe Science<\/small><\/span><\/li>\n<li><span class=\"su-lightbox\" data-mfp-src=\"#Sebastian\" data-mfp-type=\"inline\" data-mobile=\"yes\"><a href=\"https:\/\/www.klkoleo.com\/klkemmerich\/de\/sebastian\/\"><img decoding=\"async\" class=\"alignnone size-full wp-image-1378\" src=\"https:\/\/www.klkoleo.com\/klkemmerich\/wp-content\/uploads\/2020\/04\/Sebastian.jpg\" alt=\"\" width=\"215\" height=\"323\" \/><\/a><br \/>\nSebastian D\u00fcvert<br \/>\n<small>Finance\u00a0Manager<\/small><\/span><\/li>\n<li><span class=\"su-lightbox\" data-mfp-src=\"#Lucia\" data-mfp-type=\"inline\" data-mobile=\"yes\"><a href=\"https:\/\/www.klkoleo.com\/klkemmerich\/de\/company\/management-team\/lucia-foto\/\" rel=\"attachment wp-att-1824\"><img decoding=\"async\" class=\"alignnone wp-image-1824\" src=\"https:\/\/www.klkoleo.com\/klkemmerich\/wp-content\/uploads\/2022\/06\/Lucia-Foto.png\" alt=\"\" width=\"207\" height=\"320\" \/><\/a><br \/>\nLucia Schroer<br \/>\n<small>HR Manager<\/small><\/span><\/li>\n<li><span class=\"su-lightbox\" data-mfp-src=\"#Frank\" data-mfp-type=\"inline\" data-mobile=\"yes\"><img decoding=\"async\" class=\"alignnone size-full wp-image-2220\" src=\"https:\/\/www.klkoleo.com\/klkemmerich\/wp-content\/uploads\/2024\/08\/Frank-Arand.jpg\" alt=\"\" width=\"208\" height=\"299\" \/><br \/>\nFrank Arand<br \/>\nGeneral Manager Engineering<\/span><\/li>\n<li><span class=\"su-lightbox\" data-mfp-src=\"#Fredrick\" data-mfp-type=\"inline\" data-mobile=\"yes\"><img decoding=\"async\" class=\"alignnone wp-image-2363\" src=\"https:\/\/www.klkoleo.com\/klkemmerich\/wp-content\/uploads\/2026\/01\/Fredrick-370x440.jpg\" alt=\"\" width=\"259\" height=\"308\" srcset=\"https:\/\/www.klkoleo.com\/klkemmerich\/wp-content\/uploads\/2026\/01\/Fredrick-370x440.jpg 370w, https:\/\/www.klkoleo.com\/klkemmerich\/wp-content\/uploads\/2026\/01\/Fredrick.jpg 570w\" sizes=\"(max-width: 259px) 100vw, 259px\" \/><br \/>\nFredrick toe Laer<br \/>\nBusiness Director<\/span><\/li>\n<li><span class=\"su-lightbox\" data-mfp-src=\"#Nicola\" data-mfp-type=\"inline\" data-mobile=\"yes\"> <img decoding=\"async\" class=\"alignnone wp-image-2364\" src=\"https:\/\/www.klkoleo.com\/klkemmerich\/wp-content\/uploads\/2026\/01\/Screenshot-2025-09-04-122639-332x440.png\" alt=\"\" width=\"257\" height=\"341\" srcset=\"https:\/\/www.klkoleo.com\/klkemmerich\/wp-content\/uploads\/2026\/01\/Screenshot-2025-09-04-122639-332x440.png 332w, https:\/\/www.klkoleo.com\/klkemmerich\/wp-content\/uploads\/2026\/01\/Screenshot-2025-09-04-122639.png 485w\" sizes=\"(max-width: 257px) 100vw, 257px\" \/><br \/>\nNicola Comelato<br \/>\nOperations Director<\/span><\/li>\n<\/ul>\n<p>&nbsp;<\/p>\n<div class=\"su-lightbox-content su-u-trim \" id=\"Bors\" style=\"display:none;width:70%;min-width:none;max-width:600px;margin-top:40px;margin-bottom:40px;padding:40px;background:#FFFFFF;color:#333333;box-shadow:0px 0px 15px #333333;text-align:left\">\n<h3>Dr. Bors Cajus Abele \u2013 Managing Director<\/h3>\n<div class=\"row\">\n<div class=\"col-sm-3\"><img decoding=\"async\" class=\"alignnone size-full wp-image-2095\" src=\"https:\/\/www.klkoleo.com\/klkemmerich\/wp-content\/uploads\/2023\/04\/Bors-Abele-1.jpeg\" alt=\"\" width=\"225\" height=\"334\" \/><\/div>\n<div class=\"col-sm-9\">\n<p>Im Jahr 1998 begann Bors Cajus Abele seine berufliche Laufbahn als Laborleiter, sp\u00e4ter als Forschungsleiter, bei der Wacker Chemie. Nach einigen Jahren in China (mehrere Positionen als regionaler Business Unit Leiter und als Vice General Manager in einem lokalen Joint Venture) kehrte er nach Deutschland zur\u00fcck, um Supply Chain- bzw. Business Unit Leitungsaufgaben zu \u00fcbernehmen. Der Chemischen Fabrik Budenheim (Dr. Oetker Gruppe) trat er 2017 bei, um Positionen als Business Unit- bzw. Divisionsleiter zu bekleiden. Seit 2023 verst\u00e4rkt er das KLK Emmerich Team, mit Standorten in Emmerich am Rhein, D\u00fcsseldorf und Bologna\/Mailand, als Managing Director.<\/p>\n<p>Nach dem Abschluss des Studiums als Diplom-Chemiker schloss Bors Cajus Abele eine Promotion im Bereich Siliziumchemie an. Des Weiteren h\u00e4lt er einen Master in Wirtschaftsingenieurwesen.<\/p>\n<\/div><\/div>\n<\/div>\n<div class=\"su-lightbox-content su-u-trim \" id=\"Mathur\" style=\"display:none;width:70%;min-width:none;max-width:600px;margin-top:40px;margin-bottom:40px;padding:40px;background:#FFFFFF;color:#333333;box-shadow:0px 0px 15px #333333;text-align:left\">\n<h3>Mathur Subramanian\u00a0Sriganesh \u2013 Deputy Managing Director\/Business Director<\/h3>\n<div class=\"row\">\n<div class=\"col-sm-3\"><a href=\"https:\/\/www.klkoleo.com\/klkemmerich\/de\/mathur\/\"><img decoding=\"async\" class=\"alignnone size-full wp-image-1376\" src=\"https:\/\/www.klkoleo.com\/klkemmerich\/wp-content\/uploads\/2020\/04\/Mathur.jpg\" alt=\"\" width=\"215\" height=\"323\" \/><\/a><\/div>\n<div class=\"col-sm-9\">\n<p>Im Jahr 1996 begann Sriganesh seine berufliche Laufbahn als Management Trainee bei Galaxy Surfactants, gefolgt von mehreren geografischen Eins\u00e4tzen in Unternehmen wie Olam International und Emery Oleochemicals. Er hatte f\u00fchrende\u00a0Positionen im regionalen Vertrieb, im Key Account Management und im Sourcing. Sriganesh ist seit Januar 2020 Business Director bei der KLK Emmerich GmbH und verantwortlich f\u00fcr die kaufm\u00e4nnischen Funktionen des \u00d6lhandels und des Vertriebs.<\/p>\n<p>Sriganesh hat einen Bachelor in Chemieingenieurwesen mit einem Master in International Business.<\/p>\n<p>Er ist verheiratet und hat 2 Kinder. Neben seiner Familie verbringt er seine Zeit mit Lesen, Tauchen und Reisen.<\/p>\n<\/div><\/div>\n<\/div>\n<div class=\"su-lightbox-content su-u-trim \" id=\"lambert\" style=\"display:none;width:70%;min-width:none;max-width:600px;margin-top:40px;margin-bottom:40px;padding:40px;background:#FFFFFF;color:#333333;box-shadow:0px 0px 15px #333333;text-align:left\">\n<h3>Bart Daling \u2013 Director of Strategy and Innovation<\/h3>\n<div class=\"row\">\n<div class=\"col-sm-3\"><img decoding=\"async\" class=\"alignnone size-full wp-image-163\" src=\"\/klkemmerich\/wp-content\/uploads\/2018\/06\/Management-Bild-Bart-Daling-e1528177668567.jpg\" alt=\"\" width=\"215\" height=\"323\" \/><\/div>\n<div class=\"col-sm-9\">\n<p>Bart Daling begann 1997 seine berufliche Laufbahn als Prozessingenieur bei Unichema in Gouda in den Niederlanden. In 2001 wechselte er nach Emmerich, wo er zun\u00e4chst f\u00fcr ICI und dann f\u00fcr Croda t\u00e4tig war, bevor das Werk im Juli 2010 an KLK verkauft wurde.<\/p>\n<p>Seit 2010 arbeitet er f\u00fcr KLK Emmerich GmbH. In den vergangenen Jahren hat er unterschiedliche Rollen in den Bereichen Manufacturing, Engineering, Supply Chain und Business Development bekleidet. In 2012 wurde er Plant Manager, seit\u00a0September 2018\u00a0war er Business Director und mit Wirkung vom 01. Februar 2020 hat er die Funktion als Director of Strategy and Innovation \u00fcbernommen\u00a0.<\/p>\n<p>Bart Daling hat an der Universit\u00e4t von Twente das Studium der Chemischen Technologie erfolgreich abgeschlossen. Er ist verheiratet und hat vier Kinder.<\/p>\n<\/div><\/div><\/div>\n<div class=\"su-lightbox-content su-u-trim \" id=\"klaus\" style=\"display:none;width:70%;min-width:none;max-width:600px;margin-top:40px;margin-bottom:40px;padding:40px;background:#FFFFFF;color:#333333;box-shadow:0px 0px 15px #333333;text-align:left\">\n<h3>Klaus Arntz \u2013 General Manager Operations Emmerich<\/h3>\n<div class=\"row\">\n<div class=\"col-sm-3\"><a href=\"https:\/\/www.klkoleo.com\/klkemmerich\/de\/company\/management-team\/klaus-arntz_neu\/\" rel=\"attachment wp-att-1439\"><img decoding=\"async\" class=\"alignnone size-full wp-image-1439\" src=\"https:\/\/www.klkoleo.com\/klkemmerich\/wp-content\/uploads\/2020\/08\/Klaus-Arntz_neu.jpg\" alt=\"\" width=\"215\" height=\"323\" \/><\/a><\/div>\n<div class=\"col-sm-9\">\n<p>Klaus Arntz begann seine berufliche Laufbahn 1996 als Technischer- und Projektingenieur und sp\u00e4ter als Betriebsleiter bei Akzo Nobel in Emmerich.<\/p>\n<p>2006 wechselte Klaus als Betriebsleiter zu Welcam Industrietechnik in Kleve. In dieser Funktion war er verantwortlich f\u00fcr den operativen Prozess der industriellen und\u00a0Produktionsanlagen im Bereich der Chemie- und Lebensmittelindustrie.<\/p>\n<p>Danach wechselte er 2009 zur Walter Rau AG nach Neuss, wo er als Technischer Leiter begann und wurde 2011 Werksleiter. Danach wurde das Werk\u00a0an Bunge Loders Croklaan Croda im Oktober 2017 verkauft.<br \/>\n2018 wurde Klaus Industrial Operations Director bei Bunge Loders Croklaan, verantwortlich f\u00fcr den Food Raffineriestandort Neuss und das Magarine-Werk Lindemann, Buende.<\/p>\n<p>Im Juni 2020 begann Klaus bei der KLK EMMERICH GmbH als General Manager Operations und verantwortet den Produktionsstandort D\u00fcsseldorf.<\/p>\n<p>Klaus ist verheiratet und hat zwei T\u00f6chter. Neben seiner Familie verbringt er seine Zeit mit Laufen, Wandern und im gemeinn\u00fctzigen Ortsverein.<\/p>\n<\/div><\/div><\/div>\n<div class=\"su-lightbox-content su-u-trim \" id=\"Sebastian\" style=\"display:none;width:70%;min-width:none;max-width:600px;margin-top:40px;margin-bottom:40px;padding:40px;background:#FFFFFF;color:#333333;box-shadow:0px 0px 15px #333333;text-align:left\">\n<h3>Sebastian D\u00fcvert\u00a0\u2013 Finance Manager<\/h3>\n<div class=\"row\">\n<div class=\"col-sm-3\"><a href=\"https:\/\/www.klkoleo.com\/klkemmerich\/de\/sebastian\/\"><img decoding=\"async\" class=\"alignnone size-full wp-image-1378\" src=\"https:\/\/www.klkoleo.com\/klkemmerich\/wp-content\/uploads\/2020\/04\/Sebastian.jpg\" alt=\"\" width=\"215\" height=\"323\" \/><\/a><\/div>\n<div class=\"col-sm-9\">\n<p>Im Jahr 2006 begann Sebastian Duevert seine berufliche Laufbahn als Auszubildender bei UNIQEMA\u00a0in Emmerich und arbeitete f\u00fcr ICI und Croda, bis der Standort im Juli 2010 an KLK verkauft wurde.<\/p>\n<p>Er hatte f\u00fchrende Funktionen im Finanzbereich bei KLK Emmerich GmbH, d. H. Gesch\u00e4ftsprozessdesign und ERP-Projektimplementierung. 2016 wurde er Head of Controlling und leitete die Controlling-Aktivit\u00e4ten der gesamten KLK Emmerich GmbH.<\/p>\n<p>Sebastian Duevert ist seit Februar 2020 Finance Manager bei der KLK Emmerich GmbH und verantwortlich f\u00fcr die Abteilung Finance,\u00a0Legal und IT.<\/p>\n<p>Sebastian Duevert hat einen Bachelor of Arts in Betriebswirtschaft. Er verbringt seine Freizeit mit der Familie und Freunden und spielt Fu\u00dfball f\u00fcr seinen \u00f6rtlichen Verein.<\/p>\n<\/div><\/div>\n<\/div>\n<div class=\"su-lightbox-content su-u-trim \" id=\"Michel\" style=\"display:none;width:70%;min-width:none;max-width:600px;margin-top:40px;margin-bottom:40px;padding:40px;background:#FFFFFF;color:#333333;box-shadow:0px 0px 15px #333333;text-align:left\">\n<h3>Michel van Woerkom \u2013 Supply Chain Manager<\/h3>\n<div class=\"row\">\n<div class=\"col-sm-3\"><a href=\"https:\/\/www.klkoleo.com\/klkemmerich\/de\/michel\/\"><img decoding=\"async\" class=\"alignnone size-full wp-image-1377\" src=\"https:\/\/www.klkoleo.com\/klkemmerich\/wp-content\/uploads\/2020\/04\/Michel.jpg\" alt=\"\" width=\"215\" height=\"323\" \/><\/a><\/div>\n<div class=\"col-sm-9\">\n<p>Michel van Woerkom begann seine berufliche Karriere 1999 in verschiedenen Positionen bei Campina als Transportmanager. Im Jahr 2008 begann er als Supply Chain Manager bei Cargill Cocoa &#038; Chocolate, wo er f\u00fcr die Bereiche Customer Service und Logistik verantwortlich war.<\/p>\n<p>In 2012 wechselte er zu KLK Emmerich GmbH, wo er als Supply Chain Manager die Abteilungen Customer Service, Demand Planning und Logistik gegr\u00fcndet hat.<br \/>\nVon 2015 bis 2017 war er t\u00e4tig als Global Supply Chain Manager bei Bayer CropScience, wo er ein Global Supply Chain Strategy aufgestezt hat inklusive dem Demand und Supply Prozess.<\/p>\n<p>Nach 3 Jahren Logistik Manager bei Akzo Nobel\/Nouryon Industrial Chemicals kehrt er zur\u00fcck zu KLK Emmerich GmbH als Supply Chain Manager f\u00fcr die Werke in Emmerich und D\u00fcsseldorf. Er ist verantwortlich f\u00fcr die Bereiche Customer Service, Demand Planning, Material Management, Customs und Logistik.<\/p>\n<p>Michel van Woerkom verf\u00fcgt \u00fcber einen Abschluss der Bachelor Economics und ein Master in Transport &#038; Logistik. Neben seiner Familie widmet er sich in seiner Freizeit dem Laufen.<\/p>\n<\/div><\/div>\n<\/div>\n<div class=\"su-lightbox-content su-u-trim \" id=\"Michel\" style=\"display:none;width:70%;min-width:none;max-width:600px;margin-top:40px;margin-bottom:40px;padding:40px;background:#FFFFFF;color:#333333;box-shadow:0px 0px 15px #333333;text-align:left\"><\/div>\n","protected":false},"excerpt":{"rendered":"<p>&nbsp;<\/p>\n","protected":false},"author":1,"featured_media":608,"parent":9,"menu_order":0,"comment_status":"closed","ping_status":"closed","template":"","meta":{"_exactmetrics_skip_tracking":false,"_exactmetrics_sitenote_active":false,"_exactmetrics_sitenote_note":"","_exactmetrics_sitenote_category":0,"footnotes":""},"class_list":["post-81","page","type-page","status-publish","has-post-thumbnail","hentry"],"_links":{"self":[{"href":"https:\/\/www.klkoleo.com\/klkemmerich\/de\/wp-json\/wp\/v2\/pages\/81","targetHints":{"allow":["GET"]}}],"collection":[{"href":"https:\/\/www.klkoleo.com\/klkemmerich\/de\/wp-json\/wp\/v2\/pages"}],"about":[{"href":"https:\/\/www.klkoleo.com\/klkemmerich\/de\/wp-json\/wp\/v2\/types\/page"}],"author":[{"embeddable":true,"href":"https:\/\/www.klkoleo.com\/klkemmerich\/de\/wp-json\/wp\/v2\/users\/1"}],"replies":[{"embeddable":true,"href":"https:\/\/www.klkoleo.com\/klkemmerich\/de\/wp-json\/wp\/v2\/comments?post=81"}],"version-history":[{"count":0,"href":"https:\/\/www.klkoleo.com\/klkemmerich\/de\/wp-json\/wp\/v2\/pages\/81\/revisions"}],"up":[{"embeddable":true,"href":"https:\/\/www.klkoleo.com\/klkemmerich\/de\/wp-json\/wp\/v2\/pages\/9"}],"wp:featuredmedia":[{"embeddable":true,"href":"https:\/\/www.klkoleo.com\/klkemmerich\/de\/wp-json\/wp\/v2\/media\/608"}],"wp:attachment":[{"href":"https:\/\/www.klkoleo.com\/klkemmerich\/de\/wp-json\/wp\/v2\/media?parent=81"}],"curies":[{"name":"wp","href":"https:\/\/api.w.org\/{rel}","templated":true}]}}