{"id":9,"date":"2018-01-22T03:36:50","date_gmt":"2018-01-22T03:36:50","guid":{"rendered":"http:\/\/klkoleo.com\/klkemmerich\/?page_id=9"},"modified":"2023-05-02T18:01:49","modified_gmt":"2023-05-02T10:01:49","slug":"company","status":"publish","type":"page","link":"https:\/\/www.klkoleo.com\/klkemmerich\/de\/company\/","title":{"rendered":"Das Unternehmen"},"content":{"rendered":"<h3>KLK Emmerich GmbH \u2013 Excellence is our passion<\/h3>\n<p>Die KLK EMMERICH GmbH geh\u00f6rt seit 2010 zum international operierenden Konzern Kuala Lumpur Kepong Berhad (\u201cKLK\u201c). Der Konzern ist an der malaysischen B\u00f6rse notiert und weltweit in den Bereichen Plantagen, Produktion sowie Immobilien t\u00e4tig. Die KLK EMMERICH GmbH geh\u00f6rt zum Unternehmensbereich KLK OLEO, welcher sich anhand einer konsequenten Expansion auf neue ressourcenbasierte Produktionsbereiche zu einem der f\u00fchrenden Global Player im Bereich der oleochemischen Industrie entwickelt hat. Circa 450 Mitarbeiter engagieren sich an den Standorten Emmerich am Rhein und D\u00fcsseldorf t\u00e4glich f\u00fcr den Erfolg unseres Unternehmens. Der Standort Emmerich am Rhein blickt auf eine \u00fcber 100-j\u00e4hrige Geschichte zur\u00fcck. Das Base Oleochemical Gesch\u00e4ft der Produktionsst\u00e4tte in D\u00fcsseldorf ist seit Oktober 2015 Teil der KLK EMMERICH GmbH.<\/p>\n<div class=\"row\">\n<div class=\"col-md-6 nvp15\"><img decoding=\"async\" class=\"alignnone size-full wp-image-118\" src=\"\/klkemmerich\/wp-content\/uploads\/2018\/01\/img-company-02.jpg\" alt=\"\" width=\"900\" height=\"598\" srcset=\"https:\/\/www.klkoleo.com\/klkemmerich\/wp-content\/uploads\/2018\/01\/img-company-02.jpg 900w, https:\/\/www.klkoleo.com\/klkemmerich\/wp-content\/uploads\/2018\/01\/img-company-02-440x292.jpg 440w, https:\/\/www.klkoleo.com\/klkemmerich\/wp-content\/uploads\/2018\/01\/img-company-02-768x510.jpg 768w, https:\/\/www.klkoleo.com\/klkemmerich\/wp-content\/uploads\/2018\/01\/img-company-02-300x199.jpg 300w\" sizes=\"(max-width: 900px) 100vw, 900px\" \/><\/div>\n<div class=\"col-md-6 nvp15\">\n<p>Mit Leidenschaft setzen wir uns tagt\u00e4glich daf\u00fcr ein, moderne und qualitativ hochwertige Produkte f\u00fcr unsere Kunden zu produzieren. Dabei ist unser Bestreben die Erwartungen unserer Kunden zu \u00fcbertreffen sowie unsere Marktf\u00fchrerschaft auszubauen. Unsere Werte sowie die konzernweite Vision und Mission sind das, was uns antreibt und was wir stetig einzuhalten versuchen.<\/p>\n<a href=\"https:\/\/www.klkoleo.com\/company\/klk-oleo-brief\/\" class=\"btn btn-default\" target=\"_blank\"> Werte, Vision, Mission <\/a>\n<\/div><\/div>\n<p>An unseren hochmodernen Standorten in Emmerich am Rhein und in D\u00fcsseldorf werden Produkte hergestellt, die in jedem Lebensbereich zum Einsatz kommen. Hierbei werden vor allem Fetts\u00e4uren, Glyzerine, Dimere, Monomere, Iso-Stearine, Fettalkohole sowie Triazetin produziert.<\/p>\n<p>Die wichtigste S\u00e4ule zur Erreichung unserer Ziele sind unsere Mitarbeiter, die jeden Tag ihr Bestes geben, um die eigenen sowie die Ziele unserer Kunden zu erreichen. Dabei setzen wir konsequent auf die Ausbildung im eigenen Haus und bieten verschiedene M\u00f6glichkeiten zur nebenberuflichen Weiterbildung. Eine profilbasierte Personalentwicklung zur Erweiterung der Soft-Skills runden unser Angebot ab und sichern das ben\u00f6tigte Knowhow im Unternehmen.<\/p>\n<div class=\"row\">\n<div class=\"col-md-6 nvp15\">\n<p>Umfangreiche Investitionen in den eigenen Maschinenpark sichern einen kontinuierlichen und modernen Produktionsprozess, damit auch in Zukunft ressourcenschonend und kosteneffizient produziert werden kann. Detaillierte Informationen zu unserem umfangreichen Sortiment finden Sie auch im Bereich <a href=\"\/products\/\">Produkte<\/a>.<\/p>\n<\/div>\n<div class=\"col-md-6 nvp15\"><img decoding=\"async\" class=\"alignnone size-full wp-image-122\" src=\"\/klkemmerich\/wp-content\/uploads\/2018\/01\/img-company-03.jpg\" alt=\"\" width=\"900\" height=\"598\" srcset=\"https:\/\/www.klkoleo.com\/klkemmerich\/wp-content\/uploads\/2018\/01\/img-company-03.jpg 900w, https:\/\/www.klkoleo.com\/klkemmerich\/wp-content\/uploads\/2018\/01\/img-company-03-440x292.jpg 440w, https:\/\/www.klkoleo.com\/klkemmerich\/wp-content\/uploads\/2018\/01\/img-company-03-768x510.jpg 768w, https:\/\/www.klkoleo.com\/klkemmerich\/wp-content\/uploads\/2018\/01\/img-company-03-300x199.jpg 300w\" sizes=\"(max-width: 900px) 100vw, 900px\" \/><\/div>\n<\/div>\n","protected":false},"excerpt":{"rendered":"<p>KLK Emmerich GmbH \u2013 Excellence is our passion Die KLK EMMERICH GmbH geh\u00f6rt seit 2010 zum international operierenden Konzern Kuala Lumpur Kepong Berhad (\u201cKLK\u201c). Der [&hellip;]<\/p>\n","protected":false},"author":1,"featured_media":605,"parent":0,"menu_order":0,"comment_status":"closed","ping_status":"closed","template":"","meta":{"_exactmetrics_skip_tracking":false,"_exactmetrics_sitenote_active":false,"_exactmetrics_sitenote_note":"","_exactmetrics_sitenote_category":0,"footnotes":""},"class_list":["post-9","page","type-page","status-publish","has-post-thumbnail","hentry"],"_links":{"self":[{"href":"https:\/\/www.klkoleo.com\/klkemmerich\/de\/wp-json\/wp\/v2\/pages\/9","targetHints":{"allow":["GET"]}}],"collection":[{"href":"https:\/\/www.klkoleo.com\/klkemmerich\/de\/wp-json\/wp\/v2\/pages"}],"about":[{"href":"https:\/\/www.klkoleo.com\/klkemmerich\/de\/wp-json\/wp\/v2\/types\/page"}],"author":[{"embeddable":true,"href":"https:\/\/www.klkoleo.com\/klkemmerich\/de\/wp-json\/wp\/v2\/users\/1"}],"replies":[{"embeddable":true,"href":"https:\/\/www.klkoleo.com\/klkemmerich\/de\/wp-json\/wp\/v2\/comments?post=9"}],"version-history":[{"count":0,"href":"https:\/\/www.klkoleo.com\/klkemmerich\/de\/wp-json\/wp\/v2\/pages\/9\/revisions"}],"wp:featuredmedia":[{"embeddable":true,"href":"https:\/\/www.klkoleo.com\/klkemmerich\/de\/wp-json\/wp\/v2\/media\/605"}],"wp:attachment":[{"href":"https:\/\/www.klkoleo.com\/klkemmerich\/de\/wp-json\/wp\/v2\/media?parent=9"}],"curies":[{"name":"wp","href":"https:\/\/api.w.org\/{rel}","templated":true}]}}