{"id":93,"date":"2018-01-23T13:15:44","date_gmt":"2018-01-23T05:15:44","guid":{"rendered":"http:\/\/klkoleo.com\/klkemmerich\/?page_id=93"},"modified":"2026-01-21T18:27:57","modified_gmt":"2026-01-21T10:27:57","slug":"accreditations","status":"publish","type":"page","link":"https:\/\/www.klkoleo.com\/klkemmerich\/de\/company\/accreditations\/","title":{"rendered":"Zertifizierungen"},"content":{"rendered":"<p>Die Qualit\u00e4t unserer Produkte spielt bei uns eine zentrale Rolle f\u00fcr den Erfolg unseres Unternehmens. Es ist unser Anspruch Produkte herzustellen, die den h\u00f6chsten Qualit\u00e4tsanforderungen und Herkunftsbestimmungen entsprechen.<\/p>\n<p>Daher lassen wir regelm\u00e4\u00dfig Audits und Qualit\u00e4tskontrollen in allen Unternehmensbereichen durchf\u00fchren, um die Weiterentwicklung der Prozesse und Standards kontinuierlich voranzutreiben.<\/p>\n<p>Finden Sie hier unsere Zertifizierungen im \u00dcberblick.<\/p>\n<p>F\u00fcr die Gruppe KLK EMMERICH GmbH:<\/p>\n<div class=\"su-custom-gallery su-custom-gallery-align-left su-custom-gallery-title-hover\"><div class=\"su-custom-gallery-slide\" style=\"width:130px;height:176px\"><a href=\"https:\/\/www.klkoleo.com\/klkemmerich\/wp-content\/uploads\/2026\/01\/EMM-000100-KLK-EMMERICH-GmbH-CERTIFICATE-englisch-2025-12-19-EXCI.pdf\" target=\"_blank\" title=\"Exipact 2025\"><img decoding=\"async\" src=\"https:\/\/www.klkoleo.com\/klkemmerich\/wp-content\/uploads\/2026\/01\/Exipac-Duesseldorf-130x176.jpg\" alt=\"Exipact 2025\" width=\"130\" height=\"176\" \/><span class=\"su-custom-gallery-title\">Exipact 2025<\/span><\/a><\/div><div class=\"su-custom-gallery-slide\" style=\"width:130px;height:176px\"><a href=\"https:\/\/www.klkoleo.com\/klkemmerich\/wp-content\/uploads\/2026\/01\/Zertifikat-ISO-14001_2015-Duesseldorf_gueltig-bis-11.04.2027_E.pdf\" target=\"_blank\" title=\"ISO 14001:2015\"><img decoding=\"async\" src=\"https:\/\/www.klkoleo.com\/klkemmerich\/wp-content\/uploads\/2026\/01\/20F9BD1-130x176.jpg\" alt=\"ISO 14001:2015\" width=\"130\" height=\"176\" \/><span class=\"su-custom-gallery-title\">ISO 14001:2015<\/span><\/a><\/div><div class=\"su-custom-gallery-slide\" style=\"width:130px;height:176px\"><a href=\"https:\/\/www.klkoleo.com\/klkemmerich\/wp-content\/uploads\/2026\/01\/Zertifikat-ISO-14001_2015-DUSEMM_E_gueltig-bis-11.04.2027.pdf\" target=\"_blank\" title=\"ISO 14001 : 2015\"><img decoding=\"async\" src=\"https:\/\/www.klkoleo.com\/klkemmerich\/wp-content\/uploads\/2026\/01\/200AAD1-130x176.jpg\" alt=\"ISO 14001 : 2015\" width=\"130\" height=\"176\" \/><span class=\"su-custom-gallery-title\">ISO 14001 : 2015<\/span><\/a><\/div><div class=\"su-custom-gallery-slide\" style=\"width:130px;height:176px\"><a href=\"https:\/\/www.klkoleo.com\/klkemmerich\/wp-content\/uploads\/2026\/01\/Zertifikat-ISO-9001_2015-Duesseldorf_gueltig-bis-11.04.2027_E.pdf\" target=\"_blank\" title=\"ISO 9001 : 2015\"><img decoding=\"async\" src=\"https:\/\/www.klkoleo.com\/klkemmerich\/wp-content\/uploads\/2026\/01\/2026-04-130x176.jpg\" alt=\"ISO 9001 : 2015\" width=\"130\" height=\"176\" \/><span class=\"su-custom-gallery-title\">ISO 9001 : 2015<\/span><\/a><\/div><div class=\"su-custom-gallery-slide\" style=\"width:130px;height:176px\"><a href=\"https:\/\/www.klkoleo.com\/klkemmerich\/wp-content\/uploads\/2026\/01\/Zertifikat-ISO-9001_2015-DUSEMM_E_gueltig-bis-11.04.2027.pdf\" target=\"_blank\" title=\"ISO 9001:2015 EMM &amp; DUS\"><img decoding=\"async\" src=\"https:\/\/www.klkoleo.com\/klkemmerich\/wp-content\/uploads\/2026\/01\/2026-03-130x176.jpg\" alt=\"ISO 9001:2015 EMM &amp; DUS\" width=\"130\" height=\"176\" \/><span class=\"su-custom-gallery-title\">ISO 9001:2015 EMM &#038; DUS<\/span><\/a><\/div><div class=\"su-custom-gallery-slide\" style=\"width:130px;height:176px\"><a href=\"https:\/\/www.klkoleo.com\/klkemmerich\/wp-content\/uploads\/2026\/01\/FSSC-22000_Food-Safety-System-Certificate_V6_valid-until-28.01.2028.pdf\" target=\"_blank\" title=\"FSSC 22000\"><img decoding=\"async\" src=\"https:\/\/www.klkoleo.com\/klkemmerich\/wp-content\/uploads\/2026\/01\/2026-02-130x176.jpg\" alt=\"FSSC 22000\" width=\"130\" height=\"176\" \/><span class=\"su-custom-gallery-title\">FSSC 22000<\/span><\/a><\/div><div class=\"su-custom-gallery-slide\" style=\"width:130px;height:176px\"><a href=\"https:\/\/www.klkoleo.com\/klkemmerich\/wp-content\/uploads\/2026\/01\/EMM-000100-KLK-EMMERICH-GmbH-CERTIFICATE-englisch-2025-12-19-EXCI.pdf\" target=\"_blank\" title=\"EXIPACT 2025\"><img decoding=\"async\" src=\"https:\/\/www.klkoleo.com\/klkemmerich\/wp-content\/uploads\/2026\/01\/2026-01-130x176.png\" alt=\"EXIPACT 2025\" width=\"130\" height=\"176\" \/><span class=\"su-custom-gallery-title\">EXIPACT 2025<\/span><\/a><\/div><div class=\"su-custom-gallery-slide\" style=\"width:130px;height:176px\"><a href=\"https:\/\/www.klkoleo.com\/klkemmerich\/wp-content\/uploads\/2026\/01\/2023-2026_Zertifikat-GMP-B3_Emmerich.pdf\" target=\"_blank\" title=\"GMP B3\"><img decoding=\"async\" src=\"https:\/\/www.klkoleo.com\/klkemmerich\/wp-content\/uploads\/2026\/01\/2023-2026_Zertifikat-GMP-B3_Emmerich-130x176.jpg\" alt=\"GMP B3\" width=\"130\" height=\"176\" \/><span class=\"su-custom-gallery-title\">GMP B3<\/span><\/a><\/div><div class=\"su-custom-gallery-slide\" style=\"width:130px;height:176px\"><a href=\"https:\/\/www.klkoleo.com\/klkemmerich\/wp-content\/uploads\/2026\/01\/2023-2026_Zertifikat-GMP-B1_Emmerich.pdf\" target=\"_blank\" title=\"GMP B1\"><img decoding=\"async\" src=\"https:\/\/www.klkoleo.com\/klkemmerich\/wp-content\/uploads\/2026\/01\/2023-2026_Zertifikat-GMP-B1_Emmerich-130x176.jpg\" alt=\"GMP B1\" width=\"130\" height=\"176\" \/><span class=\"su-custom-gallery-title\">GMP B1<\/span><\/a><\/div><div class=\"su-custom-gallery-slide\" style=\"width:130px;height:176px\"><a href=\"https:\/\/www.klkoleo.com\/klkemmerich\/wp-content\/uploads\/2026\/01\/2023-2026_Zertifikat-ISO-22000_Emmerich.pdf\" target=\"_blank\" title=\"ISO 22000\"><img decoding=\"async\" src=\"https:\/\/www.klkoleo.com\/klkemmerich\/wp-content\/uploads\/2026\/01\/2023-2026_Zertifikat-ISO-22000_Emmerich-130x176.jpg\" alt=\"ISO 22000\" width=\"130\" height=\"176\" \/><span class=\"su-custom-gallery-title\">ISO 22000<\/span><\/a><\/div><div class=\"su-clear\"><\/div><\/div>\n","protected":false},"excerpt":{"rendered":"<p>Die Qualit\u00e4t unserer Produkte spielt bei uns eine zentrale Rolle f\u00fcr den Erfolg unseres Unternehmens. Es ist unser Anspruch Produkte herzustellen, die den h\u00f6chsten Qualit\u00e4tsanforderungen [&hellip;]<\/p>\n","protected":false},"author":1,"featured_media":611,"parent":9,"menu_order":0,"comment_status":"closed","ping_status":"closed","template":"","meta":{"_exactmetrics_skip_tracking":false,"_exactmetrics_sitenote_active":false,"_exactmetrics_sitenote_note":"","_exactmetrics_sitenote_category":0,"footnotes":""},"class_list":["post-93","page","type-page","status-publish","has-post-thumbnail","hentry"],"_links":{"self":[{"href":"https:\/\/www.klkoleo.com\/klkemmerich\/de\/wp-json\/wp\/v2\/pages\/93","targetHints":{"allow":["GET"]}}],"collection":[{"href":"https:\/\/www.klkoleo.com\/klkemmerich\/de\/wp-json\/wp\/v2\/pages"}],"about":[{"href":"https:\/\/www.klkoleo.com\/klkemmerich\/de\/wp-json\/wp\/v2\/types\/page"}],"author":[{"embeddable":true,"href":"https:\/\/www.klkoleo.com\/klkemmerich\/de\/wp-json\/wp\/v2\/users\/1"}],"replies":[{"embeddable":true,"href":"https:\/\/www.klkoleo.com\/klkemmerich\/de\/wp-json\/wp\/v2\/comments?post=93"}],"version-history":[{"count":0,"href":"https:\/\/www.klkoleo.com\/klkemmerich\/de\/wp-json\/wp\/v2\/pages\/93\/revisions"}],"up":[{"embeddable":true,"href":"https:\/\/www.klkoleo.com\/klkemmerich\/de\/wp-json\/wp\/v2\/pages\/9"}],"wp:featuredmedia":[{"embeddable":true,"href":"https:\/\/www.klkoleo.com\/klkemmerich\/de\/wp-json\/wp\/v2\/media\/611"}],"wp:attachment":[{"href":"https:\/\/www.klkoleo.com\/klkemmerich\/de\/wp-json\/wp\/v2\/media?parent=93"}],"curies":[{"name":"wp","href":"https:\/\/api.w.org\/{rel}","templated":true}]}}